{"id":928,"date":"2018-12-27T19:11:37","date_gmt":"2018-12-27T19:11:37","guid":{"rendered":"https:\/\/carmosresidence.com\/the-region\/os-museus\/"},"modified":"2021-06-14T11:44:34","modified_gmt":"2021-06-14T11:44:34","slug":"the-museums","status":"publish","type":"page","link":"https:\/\/carmosresidence.com\/en\/the-region\/the-museums\/","title":{"rendered":"The Museums"},"content":{"rendered":"<p>[et_pb_section fb_built=&#8221;1&#8243; admin_label=&#8221;Header&#8221; _builder_version=&#8221;3.18.7&#8243; use_background_color_gradient=&#8221;on&#8221; background_color_gradient_start=&#8221;rgba(255,255,255,0.89)&#8221; background_color_gradient_end=&#8221;rgba(255,255,255,0)&#8221; background_color_gradient_type=&#8221;radial&#8221; background_color_gradient_direction_radial=&#8221;top left&#8221; background_color_gradient_start_position=&#8221;30%&#8221; background_color_gradient_end_position=&#8221;80%&#8221; background_color_gradient_overlays_image=&#8221;on&#8221; background_image=&#8221;https:\/\/carmosresidence.com\/wp-content\/uploads\/2019\/01\/regiaomuseusH1.jpg&#8221; custom_margin=&#8221;|||&#8221; custom_padding=&#8221;84px|0px|0|0px|false|false&#8221;][et_pb_row custom_padding=&#8221;27px|0px|0|0px|false|false&#8221; _builder_version=&#8221;3.13&#8243;][et_pb_column type=&#8221;4_4&#8243; _builder_version=&#8221;3.0.47&#8243; parallax=&#8221;off&#8221; parallax_method=&#8221;on&#8221;][et_pb_text _builder_version=&#8221;3.18.7&#8243; header_font=&#8221;Raleway|700|||||||&#8221; header_font_size=&#8221;80px&#8221; header_font_size_tablet=&#8221;48px&#8221; header_font_size_phone=&#8221;32px&#8221; header_font_size_last_edited=&#8221;on|phone&#8221; header_5_font=&#8221;Raleway|700|||||||&#8221; header_5_text_color=&#8221;#000000&#8243; header_5_font_size=&#8221;22px&#8221; header_5_font_size_tablet=&#8221;14px&#8221; header_5_font_size_phone=&#8221;12px&#8221; header_5_font_size_last_edited=&#8221;on|desktop&#8221; header_5_letter_spacing=&#8221;0.1em&#8221; header_5_line_height=&#8221;2em&#8221; header_6_font=&#8221;Raleway|600|||||||&#8221; header_6_font_size=&#8221;16px&#8221; header_6_letter_spacing=&#8221;1px&#8221; animation_style=&#8221;zoom&#8221; animation_intensity_zoom=&#8221;5%&#8221;]<\/p>\n<h1>The Region<\/h1>\n<h6>Palmela \/ Azeit\u00e3o \/ Troia \/ Sesimbra<\/h6>\n<h5>The Museums<\/h5>\n<p>[\/et_pb_text][\/et_pb_column][\/et_pb_row][et_pb_row use_custom_width=&#8221;on&#8221; width_unit=&#8221;off&#8221; custom_width_percent=&#8221;90%&#8221; use_custom_gutter=&#8221;on&#8221; gutter_width=&#8221;2&#8243; custom_padding=&#8221;56px|40px|56px|15vw|true|false&#8221; custom_padding_tablet=&#8221;|||10vw&#8221; custom_margin=&#8221;8vw||||false&#8221; make_equal=&#8221;on&#8221; custom_padding_last_edited=&#8221;on|desktop&#8221; padding_1_tablet=&#8221;40px|||&#8221; padding_2_tablet=&#8221;40px|||&#8221; padding_3_tablet=&#8221;40px|||&#8221; padding_4_tablet=&#8221;20px||20px||true&#8221; padding_1_phone=&#8221;20px|||&#8221; padding_2_phone=&#8221;20px|||&#8221; padding_3_phone=&#8221;20px|||&#8221; padding_1_last_edited=&#8221;off|desktop&#8221; padding_2_last_edited=&#8221;off|desktop&#8221; padding_3_last_edited=&#8221;off|desktop&#8221; padding_4_last_edited=&#8221;off|desktop&#8221; _builder_version=&#8221;3.18.7&#8243; background_color=&#8221;#ffffff&#8221; module_alignment=&#8221;left&#8221; animation_style=&#8221;slide&#8221; animation_direction=&#8221;left&#8221; animation_intensity_slide=&#8221;5%&#8221;][et_pb_column type=&#8221;1_4&#8243; _builder_version=&#8221;3.0.47&#8243; padding_phone=&#8221;20px|||&#8221; padding_tablet=&#8221;40px|||&#8221; padding_last_edited=&#8221;off|desktop&#8221; parallax=&#8221;off&#8221; parallax_method=&#8221;on&#8221;][et_pb_blurb title=&#8221;The History&#8221; url=&#8221;https:\/\/carmosresidence.com\/en\/the-region\/the-history\/&#8221; image=&#8221;https:\/\/carmosresidence.com\/wp-content\/uploads\/2018\/12\/1Cblack.png&#8221; icon_placement=&#8221;left&#8221; _builder_version=&#8221;3.18.7&#8243; header_level=&#8221;h5&#8243; header_font=&#8221;Raleway|700|||||||&#8221; header_line_height=&#8221;1.1em&#8221; header_text_color__hover_enabled=&#8221;on&#8221; header_text_color__hover=&#8221;#e09900&#8243;]<br \/>\n[\/et_pb_blurb][\/et_pb_column][et_pb_column type=&#8221;1_4&#8243; _builder_version=&#8221;3.0.47&#8243; padding_phone=&#8221;20px|||&#8221; padding_tablet=&#8221;40px|||&#8221; padding_last_edited=&#8221;off|desktop&#8221; parallax=&#8221;off&#8221; parallax_method=&#8221;on&#8221;][et_pb_blurb title=&#8221;The Museums&#8221; url=&#8221;https:\/\/carmosresidence.com\/en\/the-region\/the-museums\/&#8221; image=&#8221;https:\/\/carmosresidence.com\/wp-content\/uploads\/2018\/12\/1Cblack.png&#8221; icon_placement=&#8221;left&#8221; _builder_version=&#8221;3.18.7&#8243; header_level=&#8221;h5&#8243; header_font=&#8221;Raleway|700|||||||&#8221; header_line_height=&#8221;1.1em&#8221; header_text_color__hover_enabled=&#8221;on&#8221; header_text_color__hover=&#8221;#e09900&#8243;]<br \/>\n[\/et_pb_blurb][\/et_pb_column][et_pb_column type=&#8221;1_4&#8243; _builder_version=&#8221;3.0.47&#8243; padding_phone=&#8221;20px|||&#8221; padding_tablet=&#8221;40px|||&#8221; padding_last_edited=&#8221;off|desktop&#8221; parallax=&#8221;off&#8221; parallax_method=&#8221;on&#8221;][et_pb_blurb title=&#8221;The Monuments&#8221; url=&#8221;https:\/\/carmosresidence.com\/en\/the-region\/the-monuments\/&#8221; image=&#8221;https:\/\/carmosresidence.com\/wp-content\/uploads\/2018\/12\/1Cblack.png&#8221; icon_placement=&#8221;left&#8221; _builder_version=&#8221;3.18.7&#8243; header_level=&#8221;h5&#8243; header_font=&#8221;Raleway|700|||||||&#8221; header_line_height=&#8221;1.1em&#8221; header_text_color__hover_enabled=&#8221;on&#8221; header_text_color__hover=&#8221;#e09900&#8243;]<br \/>\n[\/et_pb_blurb][\/et_pb_column][et_pb_column type=&#8221;1_4&#8243; _builder_version=&#8221;3.0.47&#8243; padding_tablet=&#8221;20px||20px||true&#8221; padding_last_edited=&#8221;off|desktop&#8221; parallax=&#8221;off&#8221; parallax_method=&#8221;on&#8221;][et_pb_blurb title=&#8221;The Landscape&#8221; url=&#8221;https:\/\/carmosresidence.com\/en\/the-region\/the-landscape\/&#8221; image=&#8221;https:\/\/carmosresidence.com\/wp-content\/uploads\/2018\/12\/1Cblack.png&#8221; icon_placement=&#8221;left&#8221; _builder_version=&#8221;3.18.7&#8243; header_level=&#8221;h5&#8243; header_font=&#8221;Raleway|700|||||||&#8221; header_line_height=&#8221;1.1em&#8221; locked=&#8221;off&#8221; header_text_color__hover_enabled=&#8221;on&#8221; header_text_color__hover=&#8221;#e09900&#8243;]<br \/>\n[\/et_pb_blurb][\/et_pb_column][\/et_pb_row][\/et_pb_section][et_pb_section fb_built=&#8221;1&#8243; admin_label=&#8221;History&#8221; _builder_version=&#8221;3.18.7&#8243; custom_padding=&#8221;0|0px|54px|0px|false|false&#8221;][et_pb_row _builder_version=&#8221;3.0.48&#8243; background_size=&#8221;initial&#8221; background_position=&#8221;top_left&#8221; background_repeat=&#8221;repeat&#8221;][et_pb_column type=&#8221;1_2&#8243; _builder_version=&#8221;3.0.47&#8243; parallax=&#8221;off&#8221; parallax_method=&#8221;on&#8221;][et_pb_image src=&#8221;https:\/\/carmosresidence.com\/wp-content\/uploads\/2019\/01\/reg_museus_hor1.jpg&#8221; _builder_version=&#8221;3.18.7&#8243;]<br \/>\n[\/et_pb_image][\/et_pb_column][et_pb_column type=&#8221;1_2&#8243; _builder_version=&#8221;3.0.47&#8243; parallax=&#8221;off&#8221; parallax_method=&#8221;on&#8221;][et_pb_text _builder_version=&#8221;3.18.7&#8243; text_font=&#8221;||||||||&#8221; text_font_size=&#8221;16px&#8221; text_line_height=&#8221;2em&#8221; header_font=&#8221;||||||||&#8221; header_2_font=&#8221;Raleway|700|||||||&#8221; header_2_font_size=&#8221;50px&#8221; header_2_font_size_tablet=&#8221;35px&#8221; header_2_font_size_phone=&#8221;25px&#8221; header_2_font_size_last_edited=&#8221;on|phone&#8221; header_2_line_height=&#8221;1.2em&#8221; header_6_font=&#8221;Raleway|700||on|||||&#8221; header_6_font_size=&#8221;16px&#8221; header_6_letter_spacing=&#8221;5px&#8221; header_6_line_height=&#8221;1.8em&#8221; text_orientation=&#8221;center&#8221; max_width=&#8221;700px&#8221; module_alignment=&#8221;center&#8221;]<\/p>\n<h2>The Museums<\/h2>\n<p>[\/et_pb_text][et_pb_divider show_divider=&#8221;off&#8221; height=&#8221;20px&#8221; _builder_version=&#8221;3.18.7&#8243;]<br \/>\n[\/et_pb_divider][et_pb_text _builder_version=&#8221;3.18.7&#8243; text_font=&#8221;||||||||&#8221; text_font_size=&#8221;15px&#8221; text_font_size_phone=&#8221;14px&#8221; text_font_size_last_edited=&#8221;on|phone&#8221; text_line_height=&#8221;1.5em&#8221; ul_font=&#8221;||||||||&#8221; ul_line_height=&#8221;2em&#8221; header_font=&#8221;||||||||&#8221; header_3_font=&#8221;Raleway|700|||||||&#8221; header_3_font_size=&#8221;24px&#8221; header_3_font_size_tablet=&#8221;35px&#8221; header_3_font_size_phone=&#8221;25px&#8221; header_3_font_size_last_edited=&#8221;on|phone&#8221; header_3_line_height=&#8221;1.4em&#8221; header_4_font=&#8221;||||||||&#8221; header_5_font=&#8221;||||||||&#8221; header_5_text_color=&#8221;#939599&#8243; header_5_font_size=&#8221;12px&#8221; header_5_line_height=&#8221;1.2em&#8221; custom_margin=&#8221;||&#8221; custom_padding=&#8221;||&#8221; inline_fonts=&#8221;Times New Roman&#8221;]<\/p>\n<h3><strong>Palmela<\/strong><\/h3>\n<p>The Municipal Museum has several places that can be visited in the Castle: Archaeological Space, Space of Military Transmissions and the Visiting Reserve of S\u00e3o Tiago sculpture (only with appointment).<\/p>\n<p>[\/et_pb_text][et_pb_divider color=&#8221;rgba(0,0,0,0.21)&#8221; _builder_version=&#8221;3.18.7&#8243; custom_margin=&#8221;||0px&#8221; custom_padding=&#8221;0px||0px&#8221;]<br \/>\n[\/et_pb_divider][et_pb_text _builder_version=&#8221;3.18.7&#8243; text_font=&#8221;||||||||&#8221; text_font_size=&#8221;15px&#8221; text_font_size_phone=&#8221;14px&#8221; text_font_size_last_edited=&#8221;on|phone&#8221; text_line_height=&#8221;1.5em&#8221; ul_font=&#8221;||||||||&#8221; ul_line_height=&#8221;2em&#8221; header_font=&#8221;||||||||&#8221; header_3_font=&#8221;Raleway|700|||||||&#8221; header_3_font_size=&#8221;24px&#8221; header_3_font_size_tablet=&#8221;35px&#8221; header_3_font_size_phone=&#8221;25px&#8221; header_3_font_size_last_edited=&#8221;on|phone&#8221; header_3_line_height=&#8221;1.4em&#8221; header_4_font=&#8221;||||||||&#8221; header_5_font=&#8221;||||||||&#8221; header_5_text_color=&#8221;#939599&#8243; header_5_font_size=&#8221;12px&#8221; header_5_line_height=&#8221;1.2em&#8221; custom_margin=&#8221;||&#8221; custom_padding=&#8221;||&#8221; inline_fonts=&#8221;Times New Roman&#8221;]<\/p>\n<h3>Azeit\u00e3o<\/h3>\n<p>Sebasti\u00e3o da Gama Museum and Library<\/p>\n<p>[\/et_pb_text][et_pb_divider color=&#8221;rgba(0,0,0,0.21)&#8221; _builder_version=&#8221;3.18.7&#8243; custom_margin=&#8221;||0px&#8221; custom_padding=&#8221;0px||0px&#8221;]<br \/>\n[\/et_pb_divider][et_pb_text _builder_version=&#8221;3.18.7&#8243; text_font=&#8221;||||||||&#8221; text_font_size=&#8221;15px&#8221; text_font_size_phone=&#8221;14px&#8221; text_font_size_last_edited=&#8221;on|phone&#8221; text_line_height=&#8221;1.5em&#8221; ul_font=&#8221;||||||||&#8221; ul_line_height=&#8221;2em&#8221; header_font=&#8221;||||||||&#8221; header_3_font=&#8221;Raleway|700|||||||&#8221; header_3_font_size=&#8221;24px&#8221; header_3_font_size_tablet=&#8221;35px&#8221; header_3_font_size_phone=&#8221;25px&#8221; header_3_font_size_last_edited=&#8221;on|phone&#8221; header_3_line_height=&#8221;1.4em&#8221; header_4_font=&#8221;||||||||&#8221; header_5_font=&#8221;||||||||&#8221; header_5_text_color=&#8221;#939599&#8243; header_5_font_size=&#8221;12px&#8221; header_5_line_height=&#8221;1.2em&#8221; custom_margin=&#8221;||&#8221; custom_padding=&#8221;||&#8221; inline_fonts=&#8221;Times New Roman&#8221;]<\/p>\n<h3><strong>Sesimbra<\/strong><\/h3>\n<ul>\n<li>Sesimbra Municipal Museum<\/li>\n<li>Esp\u00edrito Santo dos Mareantes de Sesimbra Chapel and Hospital<\/li>\n<li>Collection of Sacred Art and Archeology<\/li>\n<\/ul>\n<p>[\/et_pb_text][et_pb_audio audio=&#8221;https:\/\/cld.pt\/dl\/download\/957acb27-75d6-4c07-a510-c135588660fd\/052SON_1.mp3&#8243; title=&#8221;2\u00aa Sonata &#8211; Largheto&#8221; artist_name=&#8221;Avondano Ensemble&#8221; _builder_version=&#8221;3.18.7&#8243; background_color=&#8221;#b8babf&#8221;]<br \/>\n[\/et_pb_audio][\/et_pb_column][\/et_pb_row][et_pb_row use_custom_gutter=&#8221;on&#8221; gutter_width=&#8221;2&#8243; custom_padding=&#8221;52px|0px|27px|0px|false|false&#8221; _builder_version=&#8221;3.13&#8243;][et_pb_column type=&#8221;1_5&#8243; _builder_version=&#8221;3.0.47&#8243; parallax=&#8221;off&#8221; parallax_method=&#8221;on&#8221;][et_pb_image src=&#8221;https:\/\/carmosresidence.com\/wp-content\/uploads\/2019\/01\/reg_museus_hor2.jpg&#8221; show_in_lightbox=&#8221;on&#8221; use_overlay=&#8221;on&#8221; overlay_icon_color=&#8221;rgba(255,255,255,0.6)&#8221; hover_overlay_color=&#8221;rgba(0,0,0,0.2)&#8221; hover_icon=&#8221;%%52%%&#8221; _builder_version=&#8221;3.18.7&#8243;]<br \/>\n[\/et_pb_image][\/et_pb_column][et_pb_column type=&#8221;1_5&#8243; _builder_version=&#8221;3.0.47&#8243; parallax=&#8221;off&#8221; parallax_method=&#8221;on&#8221;][et_pb_image src=&#8221;https:\/\/carmosresidence.com\/wp-content\/uploads\/2019\/01\/reg_museus_hor3.jpg&#8221; show_in_lightbox=&#8221;on&#8221; use_overlay=&#8221;on&#8221; overlay_icon_color=&#8221;rgba(255,255,255,0.6)&#8221; hover_overlay_color=&#8221;rgba(0,0,0,0.2)&#8221; hover_icon=&#8221;%%52%%&#8221; _builder_version=&#8221;3.18.7&#8243;]<br \/>\n[\/et_pb_image][\/et_pb_column][et_pb_column type=&#8221;1_5&#8243; _builder_version=&#8221;3.0.47&#8243; parallax=&#8221;off&#8221; parallax_method=&#8221;on&#8221;][et_pb_image src=&#8221;https:\/\/carmosresidence.com\/wp-content\/uploads\/2019\/01\/reg_museus_hor4.jpg&#8221; show_in_lightbox=&#8221;on&#8221; use_overlay=&#8221;on&#8221; overlay_icon_color=&#8221;rgba(255,255,255,0.6)&#8221; hover_overlay_color=&#8221;rgba(0,0,0,0.2)&#8221; hover_icon=&#8221;%%52%%&#8221; _builder_version=&#8221;3.18.7&#8243;]<br \/>\n[\/et_pb_image][\/et_pb_column][et_pb_column type=&#8221;1_5&#8243; _builder_version=&#8221;3.0.47&#8243; parallax=&#8221;off&#8221; parallax_method=&#8221;on&#8221;][et_pb_image src=&#8221;https:\/\/carmosresidence.com\/wp-content\/uploads\/2019\/01\/reg_museus_hor5.jpg&#8221; show_in_lightbox=&#8221;on&#8221; use_overlay=&#8221;on&#8221; overlay_icon_color=&#8221;rgba(255,255,255,0.6)&#8221; hover_overlay_color=&#8221;rgba(0,0,0,0.2)&#8221; hover_icon=&#8221;%%52%%&#8221; _builder_version=&#8221;3.18.7&#8243;]<br \/>\n[\/et_pb_image][\/et_pb_column][et_pb_column type=&#8221;1_5&#8243; _builder_version=&#8221;3.0.47&#8243; parallax=&#8221;off&#8221; parallax_method=&#8221;on&#8221;][et_pb_image src=&#8221;https:\/\/carmosresidence.com\/wp-content\/uploads\/2019\/01\/reg_museus_hor6.jpg&#8221; show_in_lightbox=&#8221;on&#8221; use_overlay=&#8221;on&#8221; overlay_icon_color=&#8221;rgba(255,255,255,0.6)&#8221; hover_overlay_color=&#8221;rgba(0,0,0,0.2)&#8221; hover_icon=&#8221;%%52%%&#8221; _builder_version=&#8221;3.18.7&#8243;]<br \/>\n[\/et_pb_image][\/et_pb_column][\/et_pb_row][\/et_pb_section][et_pb_section fb_built=&#8221;1&#8243; _builder_version=&#8221;3.18.7&#8243; custom_padding=&#8221;23px|0px|16px|0px|false|false&#8221; global_module=&#8221;1708&#8243;][et_pb_row custom_padding=&#8221;0|0px|27px|0px|false|false&#8221; _builder_version=&#8221;3.0.48&#8243; background_size=&#8221;initial&#8221; background_position=&#8221;top_left&#8221; background_repeat=&#8221;repeat&#8221;][et_pb_column type=&#8221;4_4&#8243; _builder_version=&#8221;3.0.47&#8243; parallax=&#8221;off&#8221; parallax_method=&#8221;on&#8221;][et_pb_text _builder_version=&#8221;3.18.7&#8243; text_font=&#8221;Raleway|300|||||||&#8221; text_font_size=&#8221;12px&#8221; text_letter_spacing=&#8221;2px&#8221; custom_margin=&#8221;||6px&#8221; custom_padding=&#8221;||6px&#8221;]<\/p>\n<p style=\"text-align: center;\">Follow us:<\/p>\n<p>[\/et_pb_text][et_pb_social_media_follow _builder_version=&#8221;3.18.7&#8243; border_radii=&#8221;on|100px|100px|100px|100px&#8221; text_orientation=&#8221;center&#8221;][et_pb_social_media_follow_network social_network=&#8221;facebook&#8221; url=&#8221;https:\/\/www.facebook.com\/Carmos-Residence-Art-Apartments-303051527064317&#8243; _builder_version=&#8221;3.18.7&#8243; background_color=&#8221;#b2b9c4&#8243; border_radii=&#8221;on|3px|3px|3px|3px&#8221; custom_margin=&#8221;4px|4px|4px|4px|true|true&#8221; custom_margin_tablet=&#8221;4px|4px|4px|4px|true|true&#8221; custom_margin_phone=&#8221;4px|4px|4px|4px|true|true&#8221; custom_padding=&#8221;6px|6px|6px|6px|true|true&#8221; custom_padding_tablet=&#8221;6px|6px|6px|6px|true|true&#8221; custom_padding_phone=&#8221;6px|6px|6px|6px|true|true&#8221; follow_button=&#8221;off&#8221; url_new_window=&#8221;on&#8221;]<\/p>\n<p>facebook<\/p>\n<p>[\/et_pb_social_media_follow_network][et_pb_social_media_follow_network social_network=&#8221;instagram&#8221; _builder_version=&#8221;3.18.7&#8243; background_color=&#8221;#b2b9c4&#8243; custom_margin=&#8221;4px|4px|4px|4px|true|true&#8221; custom_padding=&#8221;6px|6px|6px|6px|true|true&#8221; follow_button=&#8221;off&#8221; url_new_window=&#8221;on&#8221;]<\/p>\n<p>instagram<\/p>\n<p>[\/et_pb_social_media_follow_network][et_pb_social_media_follow_network social_network=&#8221;twitter&#8221; url=&#8221;https:\/\/twitter.com\/carmo_art&#8221; _builder_version=&#8221;3.18.7&#8243; background_color=&#8221;#b2b9c4&#8243; border_radii=&#8221;on|3px|3px|3px|3px&#8221; custom_margin=&#8221;4px|4px|4px|4px|true|true&#8221; custom_margin_tablet=&#8221;4px|4px|4px|4px|true|true&#8221; custom_margin_phone=&#8221;4px|4px|4px|4px|true|true&#8221; custom_padding=&#8221;6px|6px|6px|6px|true|true&#8221; custom_padding_tablet=&#8221;6px|6px|6px|6px|true|true&#8221; custom_padding_phone=&#8221;6px|6px|6px|6px|true|true&#8221; follow_button=&#8221;off&#8221; url_new_window=&#8221;on&#8221;]<\/p>\n<p>twitter<\/p>\n<p>[\/et_pb_social_media_follow_network][et_pb_social_media_follow_network social_network=&#8221;youtube&#8221; _builder_version=&#8221;3.18.7&#8243; background_color=&#8221;#b2b9c4&#8243; custom_margin=&#8221;4px|4px|4px|4px|true|true&#8221; custom_padding=&#8221;6px|6px|6px|6px|true|true&#8221; follow_button=&#8221;off&#8221; url_new_window=&#8221;on&#8221;]<\/p>\n<p>youtube<\/p>\n<p>[\/et_pb_social_media_follow_network][\/et_pb_social_media_follow][\/et_pb_column][\/et_pb_row][\/et_pb_section][et_pb_section fb_built=&#8221;1&#8243; admin_label=&#8221;barra baixo pt&#8221; _builder_version=&#8221;3.18.7&#8243; background_image=&#8221;https:\/\/carmosresidence.com\/wp-content\/uploads\/2019\/01\/estudafoot1.jpg&#8221; custom_padding=&#8221;0|0px|0|0px|false|false&#8221; global_module=&#8221;1443&#8243; collapsed=&#8221;off&#8221;][et_pb_row _builder_version=&#8221;3.0.48&#8243; background_size=&#8221;initial&#8221; background_position=&#8221;top_left&#8221; background_repeat=&#8221;repeat&#8221;][et_pb_column type=&#8221;1_4&#8243; _builder_version=&#8221;3.0.47&#8243; parallax=&#8221;off&#8221; parallax_method=&#8221;on&#8221;][et_pb_image src=&#8221;https:\/\/carmosresidence.com\/wp-content\/uploads\/2019\/01\/logofoot2.png&#8221; _builder_version=&#8221;3.18.7&#8243;][\/et_pb_image][\/et_pb_column][et_pb_column type=&#8221;1_4&#8243; _builder_version=&#8221;3.0.47&#8243; parallax=&#8221;off&#8221; parallax_method=&#8221;on&#8221;][et_pb_text _builder_version=&#8221;3.18.7&#8243; text_font=&#8221;Raleway||||||||&#8221; text_text_color=&#8221;#ffffff&#8221; text_line_height=&#8221;1.4em&#8221; custom_margin=&#8221;16px||&#8221;]<\/p>\n<p><strong>Adress:<\/strong><br \/>Rua \u00c1lvaro Castel\u00f5es, 49 &#8211; 1\u00ba e 2\u00ba<br \/>2900-215 Set\u00fabal<br \/><strong>Phone:<\/strong>\u00a0(+351) 962 634 118<br \/><strong>E-mail: <span style=\"color: #e09900;\"><a style=\"color: #e09900;\" href=\"mailto:ipeixoto@ohmyguest.pt\">ipeixoto@ohmyguest.pt<\/a><\/span><\/strong><\/p>\n<p>[\/et_pb_text][\/et_pb_column][et_pb_column type=&#8221;1_4&#8243; _builder_version=&#8221;3.0.47&#8243; parallax=&#8221;off&#8221; parallax_method=&#8221;on&#8221;][et_pb_text admin_label=&#8221;Language Switcher&#8221; _builder_version=&#8221;3.18.7&#8243;]<\/p>\n<div id=\"iv-widget-languages\"><\/div>\n<script>\njQuery(function($){\n    $(document).ready(function(){\n        console.log('ready');\n        $('.iv-languages ul').clone().appendTo('#iv-widget-languages');\n    });\n});\n<\/script>\n<p>[\/et_pb_text][et_pb_text _builder_version=&#8221;3.18.7&#8243; text_font=&#8221;||||||||&#8221; text_line_height=&#8221;1.4em&#8221;]<\/p>\n<p><a href=\"https:\/\/carmosresidence.com\/en\/identity\/#booking\"><strong><span style=\"color: #e09900;\">Booking<\/span><\/strong><\/a><br \/>\n<a href=\"https:\/\/cld.pt\/dl\/download\/01ed3879-f6ed-452a-a296-deccb8f42fc9\/Livro_de_Acolhimento.pdf\" target=\"_blank\" rel=\"noopener\"><strong><span style=\"color: #e09900;\">Home Rules<\/span><\/strong><\/a><\/p>\n<p>[\/et_pb_text][\/et_pb_column][et_pb_column type=&#8221;1_4&#8243; _builder_version=&#8221;3.0.47&#8243; parallax=&#8221;off&#8221; parallax_method=&#8221;on&#8221;][et_pb_text _builder_version=&#8221;3.18.7&#8243;]<\/p>\n<p><strong><span style=\"color: #e09900;\">Google Translate<\/span><\/strong><br \/>\n<div id=\"google_translate_element\"><\/div><script type=\"text\/javascript\">\nfunction googleTranslateElementInit() {\n  new google.translate.TranslateElement({pageLanguage: 'en', layout: google.translate.TranslateElement.InlineLayout.SIMPLE}, 'google_translate_element');\n}\n<\/script><script type=\"text\/javascript\" src=\"\/\/translate.google.com\/translate_a\/element.js?cb=googleTranslateElementInit\"><\/script>\n<\/p>\n<p><strong><span style=\"color: #e09900;\"><a style=\"color: #e09900;\" href=\"https:\/\/carmosresidence.com\/en\/privacy-policy\/\">Privacy Policy<\/a><\/span><\/strong><\/p>\n<p>[\/et_pb_text][\/et_pb_column][\/et_pb_row][\/et_pb_section]<\/p>\n","protected":false},"excerpt":{"rendered":"<p>The Region Palmela \/ Azeit\u00e3o \/ Troia \/ Sesimbra The Museums The Museums Palmela The Municipal Museum has several places that can be visited in the Castle: Archaeological Space, Space of Military Transmissions and the Visiting Reserve of S\u00e3o Tiago sculpture (only with appointment). Azeit\u00e3o Sebasti\u00e3o da Gama Museum and Library Sesimbra Sesimbra Municipal Museum [&hellip;]<\/p>\n","protected":false},"author":1,"featured_media":402,"parent":908,"menu_order":0,"comment_status":"closed","ping_status":"closed","template":"","meta":{"_et_pb_use_builder":"on","_et_pb_old_content":"","_et_gb_content_width":""},"_links":{"self":[{"href":"https:\/\/carmosresidence.com\/en\/wp-json\/wp\/v2\/pages\/928"}],"collection":[{"href":"https:\/\/carmosresidence.com\/en\/wp-json\/wp\/v2\/pages"}],"about":[{"href":"https:\/\/carmosresidence.com\/en\/wp-json\/wp\/v2\/types\/page"}],"author":[{"embeddable":true,"href":"https:\/\/carmosresidence.com\/en\/wp-json\/wp\/v2\/users\/1"}],"replies":[{"embeddable":true,"href":"https:\/\/carmosresidence.com\/en\/wp-json\/wp\/v2\/comments?post=928"}],"version-history":[{"count":8,"href":"https:\/\/carmosresidence.com\/en\/wp-json\/wp\/v2\/pages\/928\/revisions"}],"predecessor-version":[{"id":5986,"href":"https:\/\/carmosresidence.com\/en\/wp-json\/wp\/v2\/pages\/928\/revisions\/5986"}],"up":[{"embeddable":true,"href":"https:\/\/carmosresidence.com\/en\/wp-json\/wp\/v2\/pages\/908"}],"wp:featuredmedia":[{"embeddable":true,"href":"https:\/\/carmosresidence.com\/en\/wp-json\/wp\/v2\/media\/402"}],"wp:attachment":[{"href":"https:\/\/carmosresidence.com\/en\/wp-json\/wp\/v2\/media?parent=928"}],"curies":[{"name":"wp","href":"https:\/\/api.w.org\/{rel}","templated":true}]}}