{"id":7139,"date":"2026-03-22T15:07:39","date_gmt":"2026-03-22T15:07:39","guid":{"rendered":"https:\/\/carmosresidence.com\/os-apartamentos\/"},"modified":"2026-03-30T10:52:07","modified_gmt":"2026-03-30T10:52:07","slug":"os-apartamentos","status":"publish","type":"page","link":"https:\/\/carmosresidence.com\/en\/os-apartamentos\/","title":{"rendered":"The Apartments"},"content":{"rendered":"<p>[et_pb_section fb_built=&#8221;1&#8243; admin_label=&#8221;Header&#8221; _builder_version=&#8221;4.16&#8243; use_background_color_gradient=&#8221;on&#8221; background_color_gradient_type=&#8221;circular&#8221; background_color_gradient_direction_radial=&#8221;top left&#8221; background_color_gradient_stops=&#8221;rgba(255,255,255,0.89) 30%|rgba(255,255,255,0) 80%&#8221; background_color_gradient_overlays_image=&#8221;on&#8221; background_color_gradient_start=&#8221;rgba(255,255,255,0.89)&#8221; background_color_gradient_start_position=&#8221;30%&#8221; background_color_gradient_end=&#8221;rgba(255,255,255,0)&#8221; background_color_gradient_end_position=&#8221;80%&#8221; background_image=&#8221;https:\/\/carmosresidence.com\/wp-content\/uploads\/2019\/01\/casa_H0_R2.jpg&#8221; custom_margin=&#8221;|||&#8221; custom_padding=&#8221;84px|0px|0|0px|false|false&#8221; global_colors_info=&#8221;{}&#8221;][et_pb_row _builder_version=&#8221;4.16&#8243; custom_padding=&#8221;27px|0px|0|0px|false|false&#8221; global_colors_info=&#8221;{}&#8221;][et_pb_column type=&#8221;4_4&#8243; _builder_version=&#8221;4.16&#8243; custom_padding=&#8221;|||&#8221; global_colors_info=&#8221;{}&#8221; custom_padding__hover=&#8221;|||&#8221;][et_pb_text _builder_version=&#8221;4.17.4&#8243; text_font=&#8221;||||||||&#8221; header_font=&#8221;Raleway|700|||||||&#8221; header_font_size=&#8221;80px&#8221; header_line_height=&#8221;1.2em&#8221; header_5_font=&#8221;Raleway|700|||||||&#8221; header_5_text_color=&#8221;#000000&#8243; header_5_font_size=&#8221;22px&#8221; header_5_letter_spacing=&#8221;0.1em&#8221; animation_style=&#8221;zoom&#8221; animation_intensity_zoom=&#8221;5%&#8221; header_font_size_tablet=&#8221;48px&#8221; header_font_size_phone=&#8221;32px&#8221; header_font_size_last_edited=&#8221;on|phone&#8221; header_5_font_size_tablet=&#8221;14px&#8221; header_5_font_size_phone=&#8221;12px&#8221; header_5_font_size_last_edited=&#8221;on|desktop&#8221; global_colors_info=&#8221;{}&#8221;]<\/p>\n<h1>Os apartamentos<\/h1>\n<p>[\/et_pb_text][\/et_pb_column][\/et_pb_row][et_pb_row column_structure=&#8221;1_2,1_2&#8243; use_custom_gutter=&#8221;on&#8221; gutter_width=&#8221;2&#8243; make_equal=&#8221;on&#8221; custom_padding_last_edited=&#8221;on|desktop&#8221; _builder_version=&#8221;4.17.4&#8243; background_color=&#8221;#ffffff&#8221; width=&#8221;90%&#8221; max_width=&#8221;90%&#8221; module_alignment=&#8221;left&#8221; custom_margin=&#8221;8vw||||false&#8221; custom_padding=&#8221;56px|40px|56px|15vw|true|false&#8221; custom_padding_tablet=&#8221;|||10vw&#8221; custom_padding_phone=&#8221;&#8221; animation_style=&#8221;slide&#8221; animation_direction=&#8221;left&#8221; animation_intensity_slide=&#8221;5%&#8221; use_custom_width=&#8221;on&#8221; width_unit=&#8221;off&#8221; custom_width_percent=&#8221;90%&#8221; locked=&#8221;off&#8221; global_colors_info=&#8221;{}&#8221;][et_pb_column type=&#8221;1_2&#8243; _builder_version=&#8221;4.16&#8243; custom_padding=&#8221;|||&#8221; custom_padding_tablet=&#8221;40px|||&#8221; custom_padding_phone=&#8221;20px|||&#8221; custom_padding_last_edited=&#8221;off|desktop&#8221; global_colors_info=&#8221;{}&#8221; padding_phone=&#8221;20px|||&#8221; padding_tablet=&#8221;40px|||&#8221; padding_last_edited=&#8221;off|desktop&#8221; custom_padding__hover=&#8221;|||&#8221;][et_pb_blurb title=&#8221;Art Apartment 1&#8243; url=&#8221;https:\/\/carmosresidence.com\/a-casa\/historia-do-edificio\/&#8221; image=&#8221;https:\/\/carmosresidence.com\/wp-content\/uploads\/2018\/12\/1Cblack.png&#8221; icon_placement=&#8221;left&#8221; _builder_version=&#8221;4.17.4&#8243; header_level=&#8221;h5&#8243; header_font=&#8221;Raleway|700|||||||&#8221; header_line_height=&#8221;1.1em&#8221; global_colors_info=&#8221;{}&#8221; header_text_color__hover_enabled=&#8221;on&#8221; header_text_color__hover=&#8221;#e09900&#8243;][\/et_pb_blurb][\/et_pb_column][et_pb_column type=&#8221;1_2&#8243; _builder_version=&#8221;4.16&#8243; custom_padding=&#8221;|||&#8221; custom_padding_tablet=&#8221;40px|||&#8221; custom_padding_phone=&#8221;20px|||&#8221; custom_padding_last_edited=&#8221;off|desktop&#8221; global_colors_info=&#8221;{}&#8221; padding_phone=&#8221;20px|||&#8221; padding_tablet=&#8221;40px|||&#8221; padding_last_edited=&#8221;off|desktop&#8221; custom_padding__hover=&#8221;|||&#8221;][et_pb_blurb title=&#8221;Art Apartment 2&#8243; url=&#8221;https:\/\/carmosresidence.com\/a-casa\/a-familia-dos-donos\/&#8221; image=&#8221;https:\/\/carmosresidence.com\/wp-content\/uploads\/2018\/12\/1Cblack.png&#8221; icon_placement=&#8221;left&#8221; _builder_version=&#8221;4.17.4&#8243; header_level=&#8221;h5&#8243; header_font=&#8221;Raleway|700|||||||&#8221; header_line_height=&#8221;1.1em&#8221; global_colors_info=&#8221;{}&#8221; header_text_color__hover_enabled=&#8221;on&#8221; header_text_color__hover=&#8221;#e09900&#8243;][\/et_pb_blurb][\/et_pb_column][\/et_pb_row][\/et_pb_section][et_pb_section fb_built=&#8221;1&#8243; admin_label=&#8221;History&#8221; _builder_version=&#8221;4.16&#8243; custom_padding=&#8221;1px|0px|0|0px|false|false&#8221; global_colors_info=&#8221;{}&#8221;][et_pb_row column_structure=&#8221;1_2,1_2&#8243; _builder_version=&#8221;4.16&#8243; background_size=&#8221;initial&#8221; background_position=&#8221;top_left&#8221; background_repeat=&#8221;repeat&#8221; custom_padding=&#8221;27px|0px|0|0px|false|false&#8221; global_colors_info=&#8221;{}&#8221;][et_pb_column type=&#8221;1_2&#8243; _builder_version=&#8221;4.16&#8243; custom_padding=&#8221;|||&#8221; global_colors_info=&#8221;{}&#8221; custom_padding__hover=&#8221;|||&#8221;][et_pb_divider show_divider=&#8221;off&#8221; _builder_version=&#8221;4.16&#8243; height=&#8221;60px&#8221; global_colors_info=&#8221;{}&#8221;]<br \/>\n[\/et_pb_divider][et_pb_text _builder_version=&#8221;4.16&#8243; text_font=&#8221;||||||||&#8221; text_font_size=&#8221;15px&#8221; text_line_height=&#8221;1.5em&#8221; ul_font=&#8221;||||||||&#8221; ul_line_height=&#8221;2em&#8221; header_font=&#8221;||||||||&#8221; header_3_font=&#8221;Raleway|700|||||||&#8221; header_3_line_height=&#8221;1.4em&#8221; header_4_font=&#8221;||||||||&#8221; header_5_font=&#8221;||||||||&#8221; header_5_text_color=&#8221;#939599&#8243; header_5_font_size=&#8221;12px&#8221; header_5_line_height=&#8221;1.2em&#8221; custom_margin=&#8221;||&#8221; custom_padding=&#8221;||&#8221; text_font_size_tablet=&#8221;&#8221; text_font_size_phone=&#8221;14px&#8221; text_font_size_last_edited=&#8221;on|phone&#8221; header_3_font_size_tablet=&#8221;35px&#8221; header_3_font_size_phone=&#8221;25px&#8221; header_3_font_size_last_edited=&#8221;on|phone&#8221; inline_fonts=&#8221;Times New Roman&#8221; global_colors_info=&#8221;{}&#8221;]<\/p>\n<h3>A casa (Carmo&#8217;s Residence &#8211; Art Apartments)<\/h3>\n<p>Se ningu\u00e9m vive atualmente isolado do resto do mundo que o rodeia, este site n\u00e3o poderia cumprir cabalmente os seus objetivos de propiciar aos h\u00f3spedes uma ferramenta de consulta \u00fatil, sem a devida contextualiza\u00e7\u00e3o dos aspetos essenciais da hist\u00f3ria da Casa, da Fam\u00edlia dos propriet\u00e1rios, da Cidade e da Regi\u00e3o em que se insere, dando o especial relevo aos Artistas, \u00e0s Paisagens, aos Monumentos e aos Museus que, podem e devem ser conhecidos, visitados e apreciados. Por isso, tom\u00e1mos tamb\u00e9m a op\u00e7\u00e3o de concentrar a informa\u00e7\u00e3o relativa aos acontecimentos de \u00edndole cultural que estiverem dispon\u00edveis num setor pr\u00f3prio, bem como nortear o estabelecimento de algumas das parcerias com este mesmo prop\u00f3sito.[\/et_pb_text][\/et_pb_column][et_pb_column type=&#8221;1_2&#8243; _builder_version=&#8221;4.16&#8243; custom_padding=&#8221;|||&#8221; global_colors_info=&#8221;{}&#8221; custom_padding__hover=&#8221;|||&#8221;][et_pb_image src=&#8221;https:\/\/carmosresidence.com\/wp-content\/uploads\/2019\/01\/casaentrada.jpg&#8221; align_tablet=&#8221;center&#8221; align_phone=&#8221;center&#8221; align_last_edited=&#8221;on|desktop&#8221; _builder_version=&#8221;4.16&#8243; animation_style=&#8221;fade&#8221; animation_delay=&#8221;1000ms&#8221; global_colors_info=&#8221;{}&#8221;]<br \/>\n[\/et_pb_image][\/et_pb_column][\/et_pb_row][\/et_pb_section][et_pb_section fb_built=&#8221;1&#8243; _builder_version=&#8221;4.16&#8243; custom_padding=&#8221;23px|0px|29px|0px|false|false&#8221; collapsed=&#8221;off&#8221; global_colors_info=&#8221;{}&#8221;][et_pb_row _builder_version=&#8221;4.16&#8243; background_size=&#8221;initial&#8221; background_position=&#8221;top_left&#8221; background_repeat=&#8221;repeat&#8221; custom_padding=&#8221;25px|0px|22px|0px|false|false&#8221; global_colors_info=&#8221;{}&#8221;][et_pb_column type=&#8221;4_4&#8243; _builder_version=&#8221;4.16&#8243; custom_padding=&#8221;|||&#8221; global_colors_info=&#8221;{}&#8221; custom_padding__hover=&#8221;|||&#8221;][et_pb_text _builder_version=&#8221;4.16&#8243; text_font=&#8221;Raleway|300|||||||&#8221; text_font_size=&#8221;12px&#8221; text_letter_spacing=&#8221;2px&#8221; custom_margin=&#8221;||4px&#8221; custom_padding=&#8221;||4px&#8221; global_colors_info=&#8221;{}&#8221;]<\/p>\n<p style=\"text-align: center;\">Siga-nos:<\/p>\n<p>[\/et_pb_text][et_pb_social_media_follow _builder_version=&#8221;4.17.4&#8243; text_orientation=&#8221;center&#8221; border_radii=&#8221;on|100px|100px|100px|100px&#8221; global_colors_info=&#8221;{}&#8221;][et_pb_social_media_follow_network social_network=&#8221;facebook&#8221; url=&#8221;https:\/\/www.facebook.com\/Carmos-Residence-Art-Apartments-303051527064317&#8243; _builder_version=&#8221;4.16&#8243; background_color=&#8221;#3b5998&#8243; custom_margin=&#8221;4px|4px|4px|4px|true|true&#8221; custom_margin_tablet=&#8221;4px|4px|4px|4px|true|true&#8221; custom_margin_phone=&#8221;4px|4px|4px|4px|true|true&#8221; custom_padding=&#8221;6px|6px|6px|6px|true|true&#8221; custom_padding_tablet=&#8221;6px|6px|6px|6px|true|true&#8221; custom_padding_phone=&#8221;6px|6px|6px|6px|true|true&#8221; global_colors_info=&#8221;{}&#8221; follow_button=&#8221;off&#8221; url_new_window=&#8221;on&#8221;]<\/p>\n<p>facebook<\/p>\n<p>[\/et_pb_social_media_follow_network][et_pb_social_media_follow_network social_network=&#8221;instagram&#8221; _builder_version=&#8221;4.16&#8243; background_color=&#8221;#f97400&#8243; custom_margin=&#8221;4px|4px|4px|4px|true|true&#8221; custom_padding=&#8221;6px|6px|6px|6px|true|true&#8221; global_colors_info=&#8221;{}&#8221; follow_button=&#8221;off&#8221; url_new_window=&#8221;on&#8221;]<\/p>\n<p>instagram<\/p>\n<p>[\/et_pb_social_media_follow_network][et_pb_social_media_follow_network social_network=&#8221;twitter&#8221; url=&#8221;https:\/\/twitter.com\/carmo_art&#8221; use_icon_font_size=&#8221;on&#8221; _builder_version=&#8221;4.17.4&#8243; background_color=&#8221;#00aced&#8221; custom_margin=&#8221;4px|4px|4px|4px|true|true&#8221; custom_margin_tablet=&#8221;4px|4px|4px|4px|true|true&#8221; custom_margin_phone=&#8221;4px|4px|4px|4px|true|true&#8221; custom_padding=&#8221;6px|6px|6px|6px|true|true&#8221; custom_padding_tablet=&#8221;6px|6px|6px|6px|true|true&#8221; custom_padding_phone=&#8221;6px|6px|6px|6px|true|true&#8221; global_colors_info=&#8221;{}&#8221; follow_button=&#8221;off&#8221; url_new_window=&#8221;on&#8221;]<\/p>\n<p>twitter<\/p>\n<p>[\/et_pb_social_media_follow_network][et_pb_social_media_follow_network social_network=&#8221;youtube&#8221; url=&#8221;https:\/\/www.youtube.com\/channel\/UCluNW2Eo2NVSjn_oxdlfiWQ&#8221; _builder_version=&#8221;4.16&#8243; background_color=&#8221;#a82400&#8243; custom_margin=&#8221;4px|4px|4px|4px|true|true&#8221; custom_margin_tablet=&#8221;4px|4px|4px|4px|true|true&#8221; custom_margin_phone=&#8221;4px|4px|4px|4px|true|true&#8221; custom_padding=&#8221;6px|6px|6px|6px|true|true&#8221; custom_padding_tablet=&#8221;6px|6px|6px|6px|true|true&#8221; custom_padding_phone=&#8221;6px|6px|6px|6px|true|true&#8221; global_colors_info=&#8221;{}&#8221; follow_button=&#8221;off&#8221; url_new_window=&#8221;on&#8221;]<\/p>\n<p>youtube<\/p>\n<p>[\/et_pb_social_media_follow_network][\/et_pb_social_media_follow][\/et_pb_column][\/et_pb_row][\/et_pb_section][et_pb_section fb_built=&#8221;1&#8243; admin_label=&#8221;barra baixo pt&#8221; _builder_version=&#8221;4.16&#8243; background_image=&#8221;https:\/\/carmosresidence.com\/wp-content\/uploads\/2019\/01\/estudafoot1.jpg&#8221; custom_padding=&#8221;0|0px|0|0px|false|false&#8221; collapsed=&#8221;off&#8221; global_colors_info=&#8221;{}&#8221;][et_pb_row column_structure=&#8221;1_4,1_4,1_4,1_4&#8243; _builder_version=&#8221;4.16&#8243; background_size=&#8221;initial&#8221; background_position=&#8221;top_left&#8221; background_repeat=&#8221;repeat&#8221; global_colors_info=&#8221;{}&#8221;][et_pb_column type=&#8221;1_4&#8243; _builder_version=&#8221;4.16&#8243; custom_padding=&#8221;|||&#8221; global_colors_info=&#8221;{}&#8221; custom_padding__hover=&#8221;|||&#8221;][et_pb_image src=&#8221;https:\/\/carmosresidence.com\/wp-content\/uploads\/2019\/01\/logofoot2.png&#8221; align_tablet=&#8221;center&#8221; align_phone=&#8221;&#8221; align_last_edited=&#8221;on|desktop&#8221; _builder_version=&#8221;4.16&#8243; global_colors_info=&#8221;{}&#8221;][\/et_pb_image][\/et_pb_column][et_pb_column type=&#8221;1_4&#8243; _builder_version=&#8221;4.16&#8243; custom_padding=&#8221;|||&#8221; global_colors_info=&#8221;{}&#8221; custom_padding__hover=&#8221;|||&#8221;][et_pb_text _builder_version=&#8221;4.16&#8243; text_font=&#8221;Raleway||||||||&#8221; text_text_color=&#8221;#ffffff&#8221; text_line_height=&#8221;1.4em&#8221; custom_margin=&#8221;16px||&#8221; global_colors_info=&#8221;{}&#8221;]<\/p>\n<p><strong>Morada:<\/strong><br \/>Rua \u00c1lvaro Castel\u00f5es, 49 &#8211; 1\u00ba e 2\u00ba<br \/>2900-215 Set\u00fabal<br \/><strong>Telefone:<\/strong>\u00a0(+351) 919 385 254<br \/><strong>E-mail: <span style=\"color: #e09900;\"><a style=\"color: #e09900;\" href=\"mailto:geral@homematch.pt\">geral@homematch.pt<\/a><\/span><\/strong><\/p>\n<p>[\/et_pb_text][\/et_pb_column][et_pb_column type=&#8221;1_4&#8243; _builder_version=&#8221;4.16&#8243; custom_padding=&#8221;|||&#8221; global_colors_info=&#8221;{}&#8221; custom_padding__hover=&#8221;|||&#8221;][et_pb_text admin_label=&#8221;Language Switcher&#8221; _builder_version=&#8221;4.16&#8243; global_colors_info=&#8221;{}&#8221;]<\/p>\n<div id=\"iv-widget-languages\"><\/div>\n<script>\njQuery(function($){\n    $(document).ready(function(){\n        console.log('ready');\n        $('.iv-languages ul').clone().appendTo('#iv-widget-languages');\n    });\n});\n<\/script>\n<p>[\/et_pb_text][et_pb_text _builder_version=&#8221;4.16&#8243; text_line_height=&#8221;1.4em&#8221; custom_margin=&#8221;||&#8221; custom_padding=&#8221;||&#8221; global_colors_info=&#8221;{}&#8221;]<\/p>\n<p><a href=\"https:\/\/carmosresidence.com\/en\/identity\/#reservas\"><strong><span style=\"color: #e09900;\">Reservas<\/span><\/strong><\/a><br \/><a href=\"https:\/\/carmosresidence.com\/wp-content\/uploads\/2021\/09\/Livro_de_AcolhimentoOP21.pdf\" target=\"_blank\" rel=\"noopener\"><strong><span style=\"color: #e09900;\">Livro de acolhimento<\/span><\/strong><\/a><\/p>\n<p>[\/et_pb_text][\/et_pb_column][et_pb_column type=&#8221;1_4&#8243; _builder_version=&#8221;4.16&#8243; custom_padding=&#8221;|||&#8221; global_colors_info=&#8221;{}&#8221; custom_padding__hover=&#8221;|||&#8221;][et_pb_text _builder_version=&#8221;4.16&#8243; global_colors_info=&#8221;{}&#8221;]<\/p>\n<p><strong><span style=\"color: #e09900;\">Google Translate<\/span><\/strong><br \/><div id=\"google_translate_element\"><\/div><script type=\"text\/javascript\">\nfunction googleTranslateElementInit() {\n  new google.translate.TranslateElement({pageLanguage: 'pt', layout: google.translate.TranslateElement.InlineLayout.SIMPLE}, 'google_translate_element');\n}\n<\/script><script type=\"text\/javascript\" src=\"\/\/translate.google.com\/translate_a\/element.js?cb=googleTranslateElementInit\"><\/script><\/p>\n<p><strong><span style=\"color: #e09900;\"><a style=\"color: #e09900;\" href=\"https:\/\/carmosresidence.com\/en\/privacy-policy\/\">Pol\u00edtica de Privacidade<\/a><\/span><\/strong><\/p>\n<p>[\/et_pb_text][\/et_pb_column][\/et_pb_row][\/et_pb_section]<\/p>\n","protected":false},"excerpt":{"rendered":"<p>Os apartamentos A casa (Carmo&#8217;s Residence &#8211; Art Apartments) Se ningu\u00e9m vive atualmente isolado do resto do mundo que o rodeia, este site n\u00e3o poderia cumprir cabalmente os seus objetivos de propiciar aos h\u00f3spedes uma ferramenta de consulta \u00fatil, sem a devida contextualiza\u00e7\u00e3o dos aspetos essenciais da hist\u00f3ria da Casa, da Fam\u00edlia dos propriet\u00e1rios, da [&hellip;]<\/p>\n","protected":false},"author":1,"featured_media":402,"parent":0,"menu_order":0,"comment_status":"closed","ping_status":"closed","template":"","meta":{"_et_pb_use_builder":"on","_et_pb_old_content":"","_et_gb_content_width":""},"_links":{"self":[{"href":"https:\/\/carmosresidence.com\/en\/wp-json\/wp\/v2\/pages\/7139"}],"collection":[{"href":"https:\/\/carmosresidence.com\/en\/wp-json\/wp\/v2\/pages"}],"about":[{"href":"https:\/\/carmosresidence.com\/en\/wp-json\/wp\/v2\/types\/page"}],"author":[{"embeddable":true,"href":"https:\/\/carmosresidence.com\/en\/wp-json\/wp\/v2\/users\/1"}],"replies":[{"embeddable":true,"href":"https:\/\/carmosresidence.com\/en\/wp-json\/wp\/v2\/comments?post=7139"}],"version-history":[{"count":4,"href":"https:\/\/carmosresidence.com\/en\/wp-json\/wp\/v2\/pages\/7139\/revisions"}],"predecessor-version":[{"id":7144,"href":"https:\/\/carmosresidence.com\/en\/wp-json\/wp\/v2\/pages\/7139\/revisions\/7144"}],"wp:featuredmedia":[{"embeddable":true,"href":"https:\/\/carmosresidence.com\/en\/wp-json\/wp\/v2\/media\/402"}],"wp:attachment":[{"href":"https:\/\/carmosresidence.com\/en\/wp-json\/wp\/v2\/media?parent=7139"}],"curies":[{"name":"wp","href":"https:\/\/api.w.org\/{rel}","templated":true}]}}