{"id":556,"date":"2018-12-26T16:59:56","date_gmt":"2018-12-26T16:59:56","guid":{"rendered":"https:\/\/carmosresidence.com\/the-home\/historia-do-edificio\/"},"modified":"2019-01-04T11:40:33","modified_gmt":"2019-01-04T11:40:33","slug":"history-of-the-building","status":"publish","type":"page","link":"https:\/\/carmosresidence.com\/en\/the-home\/history-of-the-building\/","title":{"rendered":"History of the Building"},"content":{"rendered":"<p>[et_pb_section bb_built=&#8221;1&#8243; admin_label=&#8221;Header&#8221; _builder_version=&#8221;3.18.7&#8243; use_background_color_gradient=&#8221;on&#8221; background_color_gradient_start=&#8221;rgba(255,255,255,0.89)&#8221; background_color_gradient_end=&#8221;rgba(255,255,255,0)&#8221; background_color_gradient_type=&#8221;radial&#8221; background_color_gradient_direction_radial=&#8221;top left&#8221; background_color_gradient_start_position=&#8221;30%&#8221; background_color_gradient_end_position=&#8221;80%&#8221; background_color_gradient_overlays_image=&#8221;on&#8221; background_image=&#8221;https:\/\/carmosresidence.com\/wp-content\/uploads\/2018\/12\/IMG_3790_t1H.jpg&#8221; custom_margin=&#8221;|||&#8221; custom_padding=&#8221;84px|0px|0|0px|false|false&#8221; next_background_color=&#8221;#ffffff&#8221;][et_pb_row custom_padding=&#8221;27px|0px|0|0px|false|false&#8221; _builder_version=&#8221;3.13&#8243;][et_pb_column type=&#8221;4_4&#8243;][et_pb_text _builder_version=&#8221;3.18.7&#8243; text_font=&#8221;||||||||&#8221; header_font=&#8221;Raleway|700|||||||&#8221; header_font_size=&#8221;80px&#8221; header_font_size_tablet=&#8221;48px&#8221; header_font_size_phone=&#8221;32px&#8221; header_font_size_last_edited=&#8221;on|phone&#8221; header_line_height=&#8221;1.2em&#8221; header_5_font=&#8221;Raleway|700|||||||&#8221; header_5_text_color=&#8221;#000000&#8243; header_5_font_size=&#8221;22px&#8221; header_5_font_size_tablet=&#8221;14px&#8221; header_5_font_size_phone=&#8221;12px&#8221; header_5_font_size_last_edited=&#8221;on|desktop&#8221; header_5_letter_spacing=&#8221;0.1em&#8221; animation_style=&#8221;zoom&#8221; animation_intensity_zoom=&#8221;5%&#8221;]<\/p>\n<h1>The House<\/h1>\n<h5>History of the Building<\/h5>\n<p>[\/et_pb_text][\/et_pb_column][\/et_pb_row][et_pb_row use_custom_width=&#8221;on&#8221; width_unit=&#8221;off&#8221; custom_width_percent=&#8221;90%&#8221; use_custom_gutter=&#8221;on&#8221; gutter_width=&#8221;2&#8243; custom_padding=&#8221;56px|40px|56px|15vw|true|false&#8221; custom_padding_tablet=&#8221;|||10vw&#8221; custom_margin=&#8221;8vw||||false&#8221; make_equal=&#8221;on&#8221; custom_padding_last_edited=&#8221;on|desktop&#8221; padding_1_tablet=&#8221;40px|||&#8221; padding_2_tablet=&#8221;40px|||&#8221; padding_3_tablet=&#8221;40px|||&#8221; padding_4_tablet=&#8221;20px||20px||true&#8221; padding_1_phone=&#8221;20px|||&#8221; padding_2_phone=&#8221;20px|||&#8221; padding_3_phone=&#8221;20px|||&#8221; padding_1_last_edited=&#8221;off|desktop&#8221; padding_2_last_edited=&#8221;off|desktop&#8221; padding_3_last_edited=&#8221;off|desktop&#8221; padding_4_last_edited=&#8221;off|desktop&#8221; _builder_version=&#8221;3.18.7&#8243; background_color=&#8221;#ffffff&#8221; module_alignment=&#8221;left&#8221; animation_style=&#8221;slide&#8221; animation_direction=&#8221;left&#8221; animation_intensity_slide=&#8221;5%&#8221;][et_pb_column type=&#8221;1_4&#8243;][et_pb_blurb title=&#8221;History of the Building&#8221; url=&#8221;https:\/\/carmosresidence.com\/en\/the-home\/history-of-the-building\/&#8221; image=&#8221;https:\/\/carmosresidence.com\/wp-content\/uploads\/2018\/12\/1Cblack.png&#8221; icon_placement=&#8221;left&#8221; _builder_version=&#8221;3.18.7&#8243; header_level=&#8221;h5&#8243; header_font=&#8221;Raleway|700|||||||&#8221; header_line_height=&#8221;1.1em&#8221; header_text_color__hover_enabled=&#8221;on&#8221; header_text_color__hover=&#8221;#e09900&#8243;]<\/p>\n<p><\/p>\n<p>[\/et_pb_blurb][\/et_pb_column][et_pb_column type=&#8221;1_4&#8243;][et_pb_blurb title=&#8221;The Owners Family&#8221; url=&#8221;https:\/\/carmosresidence.com\/en\/the-home\/the-owners-family\/&#8221; image=&#8221;https:\/\/carmosresidence.com\/wp-content\/uploads\/2018\/12\/1Cblack.png&#8221; icon_placement=&#8221;left&#8221; _builder_version=&#8221;3.18.7&#8243; header_level=&#8221;h5&#8243; header_font=&#8221;Raleway|700|||||||&#8221; header_line_height=&#8221;1.1em&#8221; header_text_color__hover_enabled=&#8221;on&#8221; header_text_color__hover=&#8221;#e09900&#8243;]<\/p>\n<p><\/p>\n<p>[\/et_pb_blurb][\/et_pb_column][et_pb_column type=&#8221;1_4&#8243;][et_pb_blurb title=&#8221;Authors of the Works of Art&#8221; url=&#8221;https:\/\/carmosresidence.com\/en\/the-home\/authors-of-the-works-of-art\/&#8221; image=&#8221;https:\/\/carmosresidence.com\/wp-content\/uploads\/2018\/12\/1Cblack.png&#8221; icon_placement=&#8221;left&#8221; _builder_version=&#8221;3.18.7&#8243; header_level=&#8221;h5&#8243; header_font=&#8221;Raleway|700|||||||&#8221; header_line_height=&#8221;1.1em&#8221; header_text_color__hover_enabled=&#8221;on&#8221; header_text_color__hover=&#8221;#e09900&#8243;]<\/p>\n<p><\/p>\n<p>[\/et_pb_blurb][\/et_pb_column][et_pb_column type=&#8221;1_4&#8243;][et_pb_blurb title=&#8221;The Artisans involved in the house renovations&#8221; image=&#8221;https:\/\/carmosresidence.com\/wp-content\/uploads\/2018\/12\/1Cblack.png&#8221; icon_placement=&#8221;left&#8221; _builder_version=&#8221;3.18.7&#8243; header_level=&#8221;h5&#8243; header_font=&#8221;Raleway|700|||||||&#8221; header_line_height=&#8221;1.1em&#8221; locked=&#8221;off&#8221; header_text_color__hover_enabled=&#8221;on&#8221; header_text_color__hover=&#8221;#e09900&#8243; url=&#8221;https:\/\/carmosresidence.com\/en\/the-home\/the-artisans-involved-in-the-house-renovations\/&#8221; link_option_url=&#8221;https:\/\/carmosresidence.com\/en\/the-home\/the-artisans-involved-in-the-house-renovations\/&#8221;]<\/p>\n<p><\/p>\n<p>[\/et_pb_blurb][\/et_pb_column][\/et_pb_row][\/et_pb_section][et_pb_section bb_built=&#8221;1&#8243; admin_label=&#8221;History&#8221; _builder_version=&#8221;3.13&#8243; custom_padding=&#8221;0|0px|54px|0px|false|false&#8221; prev_background_color=&#8221;#000000&#8243; next_background_color=&#8221;#000000&#8243;][et_pb_row custom_padding=&#8221;42px|0px|0|0px|false|false&#8221; disabled_on=&#8221;on|on|&#8221; _builder_version=&#8221;3.18.7&#8243; background_size=&#8221;initial&#8221; background_position=&#8221;top_left&#8221; background_repeat=&#8221;repeat&#8221;][et_pb_column type=&#8221;1_4&#8243;][et_pb_text _builder_version=&#8221;3.18.7&#8243; text_font=&#8221;Times New Roman||||||||&#8221; text_font_size=&#8221;15px&#8221; text_line_height=&#8221;1.5em&#8221; ul_line_height=&#8221;2em&#8221; header_5_font=&#8221;Raleway|700|||||||&#8221; header_5_font_size=&#8221;20px&#8221; header_5_font_size_tablet=&#8221;35px&#8221; header_5_font_size_phone=&#8221;25px&#8221; header_5_font_size_last_edited=&#8221;on|phone&#8221; header_5_line_height=&#8221;1.4em&#8221; border_width_all=&#8221;2px&#8221; border_color_all=&#8221;#f0dfb2&#8243; custom_padding=&#8221;42px|20px|42px|20px|true|true&#8221;]<\/p>\n<p><span style=\"font-family: Raleway; font-weight: normal; color: #dcb86a;\"><strong><img loading=\"lazy\" src=\"https:\/\/carmosresidence.com\/wp-content\/uploads\/2018\/12\/jan1-255x300.png\" width=\"255\" height=\"300\" alt=\"Carmo's Residence - Art Apartments\" class=\"wp-image-723 aligncenter size-medium\" srcset=\"https:\/\/carmosresidence.com\/wp-content\/uploads\/2018\/12\/jan1-255x300.png 255w, https:\/\/carmosresidence.com\/wp-content\/uploads\/2018\/12\/jan1.png 334w\" sizes=\"(max-width: 255px) 100vw, 255px\" \/><\/strong><\/span><\/p>\n<p><span style=\"font-family: Raleway; font-weight: normal; color: #dcb86a;\"><strong><\/strong><\/span><\/p>\n<p><span style=\"font-family: Raleway; font-weight: normal; color: #dcb86a;\"><strong>\u00c1lvaro de Castro Ara\u00fajo Cardoso Pereira Ferraz<\/strong><\/span>, 3rd Viscount of Castel\u00f5es (1859-1953). An Engineering Graduate, \u00c1lvaro became one of the greatest Portuguese railway construction specialists. He published four books of poems.<\/p>\n<p>[\/et_pb_text][\/et_pb_column][et_pb_column type=&#8221;1_2&#8243;][et_pb_text _builder_version=&#8221;3.18.7&#8243; text_font=&#8221;||||||||&#8221; text_font_size=&#8221;16px&#8221; text_line_height=&#8221;2em&#8221; header_font=&#8221;||||||||&#8221; header_2_font=&#8221;Raleway|700|||||||&#8221; header_2_font_size=&#8221;46px&#8221; header_2_font_size_tablet=&#8221;35px&#8221; header_2_font_size_phone=&#8221;25px&#8221; header_2_font_size_last_edited=&#8221;on|phone&#8221; header_2_line_height=&#8221;1.2em&#8221; header_6_font=&#8221;Raleway|700||on|||||&#8221; header_6_font_size=&#8221;16px&#8221; header_6_letter_spacing=&#8221;5px&#8221; header_6_line_height=&#8221;1.8em&#8221; text_orientation=&#8221;center&#8221; max_width=&#8221;700px&#8221; module_alignment=&#8221;center&#8221;]<\/p>\n<h2>History of the Building<\/h2>\n<p>[\/et_pb_text][et_pb_text _builder_version=&#8221;3.18.7&#8243; text_font=&#8221;||||||||&#8221; text_font_size=&#8221;15px&#8221; text_font_size_phone=&#8221;14px&#8221; text_font_size_last_edited=&#8221;on|phone&#8221; text_line_height=&#8221;1.5em&#8221; ul_font=&#8221;||||||||&#8221; ul_line_height=&#8221;2em&#8221; header_font=&#8221;||||||||&#8221; header_3_font=&#8221;Raleway|700|||||||&#8221; header_3_font_size=&#8221;40px&#8221; header_3_font_size_tablet=&#8221;35px&#8221; header_3_font_size_phone=&#8221;25px&#8221; header_3_font_size_last_edited=&#8221;on|phone&#8221; header_3_line_height=&#8221;1.4em&#8221; header_5_font=&#8221;||||||||&#8221; header_5_text_color=&#8221;rgba(0,0,0,0.6)&#8221; header_5_font_size=&#8221;15px&#8221; header_5_line_height=&#8221;1.2em&#8221; custom_margin=&#8221;||&#8221; custom_padding=&#8221;||&#8221; inline_fonts=&#8221;Times New Roman&#8221;]<\/p>\n<p style=\"text-align: justify;\">Located on Rua <span style=\"color: #dcb86a;\"><strong>\u00c1lvaro Castel\u00f5es<\/strong><\/span> n\u00ba 49, in the immediate vicinity of the old medieval town walled perimeter, current Historic City Centre, the original construction can date back to the 16th and 17th centuries and was rebuilt after the 1755 earthquake.<\/p>\n<p style=\"text-align: justify;\">Bearing resemblance to what occurred in Lisbon, the downtown area of Set\u00fabal suffered significant damage, aggravated by the tsunami and subsequent fires.<\/p>\n<p style=\"text-align: justify;\">According to Parochial Information concerning the consequences of the aforementioned earthquake, and archaeological findings, it is known that Rua dos Caldeireiros burned down along with other nearby streets.<\/p>\n<h5 style=\"text-align: justify;\"><span style=\"font-family: 'Times New Roman';\"><br \/>Rog\u00e9rio Claro, <em>Set\u00fabal ap\u00f3s o terramoto de 1755. As Informa\u00e7\u00f5es Paroquiais de 1758<\/em>, Colec\u00e7\u00e3o Cl\u00e1ssicos de Set\u00fabal, n\u00ba 1, Centro de Estudos Bocageanos, Set\u00fabal, 2011, p.48 and Susana Duarte <em>et al<\/em>, \u201cInterven\u00e7\u00e3o arqueol\u00f3gica na Rua \u00c1lvaro Castel\u00f5es, n\u00ba 38 e 40 (Set\u00fabal) e sismo de 1755\u201d, in <em>Set\u00fabal Arqueol\u00f3gica<\/em>, vol.15, Set\u00fabal, 2014, p.341-372.<\/span><\/h5>\n<ul><\/ul>\n<p>[\/et_pb_text][\/et_pb_column][et_pb_column type=&#8221;1_4&#8243;][et_pb_image src=&#8221;https:\/\/carmosresidence.com\/wp-content\/uploads\/2018\/12\/IMG_3830_t2.jpg&#8221; alt=&#8221;Carmo&#8217;s Residence &#8211; Art Apartments&#8221; title_text=&#8221;Carmo&#8217;s Residence &#8211; Art Apartments&#8221; show_in_lightbox=&#8221;on&#8221; use_overlay=&#8221;on&#8221; overlay_icon_color=&#8221;rgba(255,255,255,0.6)&#8221; hover_overlay_color=&#8221;rgba(0,0,0,0.2)&#8221; hover_icon=&#8221;%%52%%&#8221; _builder_version=&#8221;3.18.7&#8243;]<\/p>\n<p>[\/et_pb_image][et_pb_audio audio=&#8221;https:\/\/cld.pt\/dl\/download\/67b8beb6-30d9-4964-a255-df26449d951f\/021SON_1.mp3&#8243; title=&#8221;1\u00aa Sonata &#8211; Largo Assai&#8221; artist_name=&#8221;Avondano Ensemble&#8221; _builder_version=&#8221;3.18.7&#8243; background_color=&#8221;#b8babf&#8221;]<\/p>\n<p>[\/et_pb_audio][\/et_pb_column][\/et_pb_row][et_pb_row disabled_on=&#8221;||on&#8221; _builder_version=&#8221;3.18.7&#8243;][et_pb_column type=&#8221;1_2&#8243;][et_pb_text _builder_version=&#8221;3.18.7&#8243; text_font=&#8221;||||||||&#8221; text_font_size=&#8221;16px&#8221; text_line_height=&#8221;2em&#8221; header_font=&#8221;||||||||&#8221; header_2_font=&#8221;Raleway|700|||||||&#8221; header_2_font_size=&#8221;46px&#8221; header_2_font_size_tablet=&#8221;35px&#8221; header_2_font_size_phone=&#8221;25px&#8221; header_2_font_size_last_edited=&#8221;on|phone&#8221; header_2_line_height=&#8221;1.2em&#8221; header_6_font=&#8221;Raleway|700||on|||||&#8221; header_6_font_size=&#8221;16px&#8221; header_6_letter_spacing=&#8221;5px&#8221; header_6_line_height=&#8221;1.8em&#8221; text_orientation=&#8221;center&#8221; max_width=&#8221;700px&#8221; module_alignment=&#8221;center&#8221;]<\/p>\n<h2>History of the Building<\/h2>\n<p>[\/et_pb_text][et_pb_text _builder_version=&#8221;3.18.7&#8243; text_font=&#8221;||||||||&#8221; text_font_size=&#8221;15px&#8221; text_font_size_phone=&#8221;14px&#8221; text_font_size_last_edited=&#8221;on|phone&#8221; text_line_height=&#8221;1.5em&#8221; ul_font=&#8221;||||||||&#8221; ul_line_height=&#8221;2em&#8221; header_font=&#8221;||||||||&#8221; header_3_font=&#8221;Raleway|700|||||||&#8221; header_3_font_size=&#8221;40px&#8221; header_3_font_size_tablet=&#8221;35px&#8221; header_3_font_size_phone=&#8221;25px&#8221; header_3_font_size_last_edited=&#8221;on|phone&#8221; header_3_line_height=&#8221;1.4em&#8221; header_5_font=&#8221;||||||||&#8221; header_5_text_color=&#8221;rgba(0,0,0,0.6)&#8221; header_5_font_size=&#8221;15px&#8221; header_5_line_height=&#8221;1.2em&#8221; custom_margin=&#8221;||&#8221; custom_padding=&#8221;||&#8221; inline_fonts=&#8221;Times New Roman&#8221;]<\/p>\n<p style=\"text-align: justify;\">Located on Rua <span style=\"color: #dcb86a;\"><strong>\u00c1lvaro Castel\u00f5es<\/strong><\/span> n\u00ba 49, in the immediate vicinity of the old medieval town walled perimeter, current Historic City Centre, the original construction can date back to the 16th and 17th centuries and was rebuilt after the 1755 earthquake.<\/p>\n<p style=\"text-align: justify;\">Bearing resemblance to what occurred in Lisbon, the downtown area of Set\u00fabal suffered significant damage, aggravated by the tsunami and subsequent fires.<\/p>\n<p style=\"text-align: justify;\">According to Parochial Information concerning the consequences of the aforementioned earthquake, and archaeological findings, it is known that Rua dos Caldeireiros burned down along with other nearby streets.<\/p>\n<h5 style=\"text-align: justify;\"><span style=\"font-family: 'Times New Roman';\"><br \/>Rog\u00e9rio Claro, <em>Set\u00fabal ap\u00f3s o terramoto de 1755. As Informa\u00e7\u00f5es Paroquiais de 1758<\/em>, Colec\u00e7\u00e3o Cl\u00e1ssicos de Set\u00fabal, n\u00ba 1, Centro de Estudos Bocageanos, Set\u00fabal, 2011, p.48 and Susana Duarte <em>et al<\/em>, \u201cInterven\u00e7\u00e3o arqueol\u00f3gica na Rua \u00c1lvaro Castel\u00f5es, n\u00ba 38 e 40 (Set\u00fabal) e sismo de 1755\u201d, in <em>Set\u00fabal Arqueol\u00f3gica<\/em>, vol.15, Set\u00fabal, 2014, p.341-372.<\/span><\/h5>\n<ul><\/ul>\n<p>[\/et_pb_text][\/et_pb_column][et_pb_column type=&#8221;1_4&#8243;][et_pb_image src=&#8221;https:\/\/carmosresidence.com\/wp-content\/uploads\/2018\/12\/IMG_3830_t2.jpg&#8221; alt=&#8221;Carmo&#8217;s Residence &#8211; Art Apartments&#8221; title_text=&#8221;Carmo&#8217;s Residence &#8211; Art Apartments&#8221; show_in_lightbox=&#8221;on&#8221; use_overlay=&#8221;on&#8221; overlay_icon_color=&#8221;rgba(255,255,255,0.6)&#8221; hover_overlay_color=&#8221;rgba(0,0,0,0.2)&#8221; hover_icon=&#8221;%%52%%&#8221; _builder_version=&#8221;3.18.7&#8243;]<\/p>\n<p>[\/et_pb_image][et_pb_audio audio=&#8221;http:\/\/www.josepocas.com\/wp-content\/uploads\/2017\/11\/Ensemble-William-Byrd-05-Stabat-mater-Stabat-mater-dolorosa.mp3&#8243; title=&#8221;Stabat Mater&#8221; artist_name=&#8221;Jo\u00e3o Rodrigues Esteves&#8221; _builder_version=&#8221;3.18.7&#8243; background_color=&#8221;#b8babf&#8221;]<\/p>\n<p>[\/et_pb_audio][\/et_pb_column][et_pb_column type=&#8221;1_4&#8243;][et_pb_text _builder_version=&#8221;3.18.7&#8243; text_font=&#8221;Times New Roman||||||||&#8221; text_font_size=&#8221;15px&#8221; text_line_height=&#8221;1.5em&#8221; ul_line_height=&#8221;2em&#8221; header_5_font=&#8221;Raleway|700|||||||&#8221; header_5_font_size=&#8221;20px&#8221; header_5_font_size_tablet=&#8221;35px&#8221; header_5_font_size_phone=&#8221;25px&#8221; header_5_font_size_last_edited=&#8221;on|phone&#8221; header_5_line_height=&#8221;1.4em&#8221; border_width_all=&#8221;2px&#8221; border_color_all=&#8221;#f0dfb2&#8243; custom_padding=&#8221;42px|20px|42px|20px|true|true&#8221;]<\/p>\n<p><span style=\"font-family: Raleway; font-weight: normal; color: #dcb86a;\"><strong><img loading=\"lazy\" src=\"https:\/\/carmosresidence.com\/wp-content\/uploads\/2018\/12\/jan1-255x300.png\" width=\"255\" height=\"300\" alt=\"Carmo's Residence - Art Apartments\" class=\"wp-image-723 aligncenter size-medium\" srcset=\"https:\/\/carmosresidence.com\/wp-content\/uploads\/2018\/12\/jan1-255x300.png 255w, https:\/\/carmosresidence.com\/wp-content\/uploads\/2018\/12\/jan1.png 334w\" sizes=\"(max-width: 255px) 100vw, 255px\" \/><\/strong><\/span><\/p>\n<p><span style=\"font-family: Raleway; font-weight: normal; color: #dcb86a;\"><strong><\/strong><\/span><\/p>\n<p><span style=\"font-family: Raleway; font-weight: normal; color: #dcb86a;\"><strong>\u00c1lvaro de Castro Ara\u00fajo Cardoso Pereira Ferraz<\/strong><\/span>, 3\u00ba Visconde de Castel\u00f5es (1859- 1953). Formado em Engenharia, tornou-se um dos maiores especialistas portugueses na constru\u00e7\u00e3o de caminhos de ferro. Publicou quatro livros de poemas.<\/p>\n<p>[\/et_pb_text][\/et_pb_column][\/et_pb_row][et_pb_row use_custom_gutter=&#8221;on&#8221; gutter_width=&#8221;2&#8243; custom_padding=&#8221;52px|0px|27px|0px|false|false&#8221; _builder_version=&#8221;3.13&#8243;][et_pb_column type=&#8221;1_5&#8243;][et_pb_image src=&#8221;https:\/\/carmosresidence.com\/wp-content\/uploads\/2018\/12\/IMG_3864_t1.jpg&#8221; alt=&#8221;Carmo&#8217;s Residence &#8211; Art Apartments&#8221; title_text=&#8221;Carmo&#8217;s Residence &#8211; Art Apartments&#8221; show_in_lightbox=&#8221;on&#8221; use_overlay=&#8221;on&#8221; overlay_icon_color=&#8221;rgba(255,255,255,0.6)&#8221; hover_overlay_color=&#8221;rgba(0,0,0,0.2)&#8221; hover_icon=&#8221;%%52%%&#8221; _builder_version=&#8221;3.18.7&#8243; locked=&#8221;off&#8221;]<\/p>\n<p>[\/et_pb_image][\/et_pb_column][et_pb_column type=&#8221;1_5&#8243;][et_pb_image src=&#8221;https:\/\/carmosresidence.com\/wp-content\/uploads\/2018\/12\/IMG_3857_t1.jpg&#8221; alt=&#8221;Carmo&#8217;s Residence &#8211; Art Apartments&#8221; title_text=&#8221;Carmo&#8217;s Residence &#8211; Art Apartments&#8221; show_in_lightbox=&#8221;on&#8221; use_overlay=&#8221;on&#8221; overlay_icon_color=&#8221;rgba(255,255,255,0.6)&#8221; hover_overlay_color=&#8221;rgba(0,0,0,0.2)&#8221; hover_icon=&#8221;%%52%%&#8221; _builder_version=&#8221;3.18.7&#8243;]<\/p>\n<p>[\/et_pb_image][\/et_pb_column][et_pb_column type=&#8221;1_5&#8243;][et_pb_image src=&#8221;https:\/\/carmosresidence.com\/wp-content\/uploads\/2018\/12\/IMG_3878_t1.jpg&#8221; alt=&#8221;Carmo&#8217;s Residence &#8211; Art Apartments&#8221; title_text=&#8221;Carmo&#8217;s Residence &#8211; Art Apartments&#8221; show_in_lightbox=&#8221;on&#8221; use_overlay=&#8221;on&#8221; overlay_icon_color=&#8221;rgba(255,255,255,0.6)&#8221; hover_overlay_color=&#8221;rgba(0,0,0,0.2)&#8221; hover_icon=&#8221;%%52%%&#8221; _builder_version=&#8221;3.18.7&#8243;]<\/p>\n<p>[\/et_pb_image][\/et_pb_column][et_pb_column type=&#8221;1_5&#8243;][et_pb_image src=&#8221;https:\/\/carmosresidence.com\/wp-content\/uploads\/2018\/12\/IMG_3883_t1.jpg&#8221; alt=&#8221;Carmo&#8217;s Residence &#8211; Art Apartments&#8221; title_text=&#8221;Carmo&#8217;s Residence &#8211; Art Apartments&#8221; show_in_lightbox=&#8221;on&#8221; use_overlay=&#8221;on&#8221; overlay_icon_color=&#8221;rgba(255,255,255,0.6)&#8221; hover_overlay_color=&#8221;rgba(0,0,0,0.2)&#8221; hover_icon=&#8221;%%52%%&#8221; _builder_version=&#8221;3.18.7&#8243;]<\/p>\n<p>[\/et_pb_image][\/et_pb_column][et_pb_column type=&#8221;1_5&#8243;][et_pb_image src=&#8221;https:\/\/carmosresidence.com\/wp-content\/uploads\/2018\/12\/IMG_3800_t1.jpg&#8221; alt=&#8221;Carmo&#8217;s Residence &#8211; Art Apartments&#8221; title_text=&#8221;Carmo&#8217;s Residence &#8211; Art Apartments&#8221; show_in_lightbox=&#8221;on&#8221; use_overlay=&#8221;on&#8221; overlay_icon_color=&#8221;rgba(255,255,255,0.6)&#8221; hover_overlay_color=&#8221;rgba(0,0,0,0.2)&#8221; hover_icon=&#8221;%%52%%&#8221; _builder_version=&#8221;3.18.7&#8243;]<\/p>\n<p>[\/et_pb_image][\/et_pb_column][\/et_pb_row][\/et_pb_section][et_pb_section bb_built=&#8221;1&#8243; _builder_version=&#8221;3.18.7&#8243; custom_padding=&#8221;23px|0px|16px|0px|false|false&#8221; next_background_color=&#8221;#000000&#8243; global_module=&#8221;1708&#8243; prev_background_color=&#8221;#000000&#8243;][et_pb_row global_parent=&#8221;1708&#8243; _builder_version=&#8221;3.0.48&#8243; background_size=&#8221;initial&#8221; background_position=&#8221;top_left&#8221; background_repeat=&#8221;repeat&#8221; custom_padding=&#8221;0|0px|27px|0px|false|false&#8221;][et_pb_column type=&#8221;4_4&#8243;][et_pb_text global_parent=&#8221;1708&#8243; _builder_version=&#8221;3.18.7&#8243; text_font=&#8221;Raleway|300|||||||&#8221; text_font_size=&#8221;12px&#8221; text_letter_spacing=&#8221;2px&#8221; custom_margin=&#8221;||6px&#8221; custom_padding=&#8221;||6px&#8221;]<\/p>\n<p style=\"text-align: center;\">Coming soon<\/p>\n<p>[\/et_pb_text][et_pb_social_media_follow global_parent=&#8221;1708&#8243; _builder_version=&#8221;3.18.7&#8243; border_radii=&#8221;on|100px|100px|100px|100px&#8221; text_orientation=&#8221;center&#8221;][et_pb_social_media_follow_network social_network=&#8221;facebook&#8221; _builder_version=&#8221;3.12.2&#8243; background_color=&#8221;#b2b9c4&#8243; custom_margin=&#8221;4px|4px|4px|4px|true|true&#8221; custom_padding=&#8221;6px|6px|6px|6px|true|true&#8221; follow_button=&#8221;off&#8221; url_new_window=&#8221;on&#8221;]facebook[\/et_pb_social_media_follow_network][et_pb_social_media_follow_network social_network=&#8221;instagram&#8221; _builder_version=&#8221;3.18.7&#8243; background_color=&#8221;#b2b9c4&#8243; custom_margin=&#8221;4px|4px|4px|4px|true|true&#8221; custom_padding=&#8221;6px|6px|6px|6px|true|true&#8221; follow_button=&#8221;off&#8221; url_new_window=&#8221;on&#8221;]instagram[\/et_pb_social_media_follow_network][et_pb_social_media_follow_network social_network=&#8221;twitter&#8221; _builder_version=&#8221;3.18.7&#8243; background_color=&#8221;#b2b9c4&#8243; custom_margin=&#8221;4px|4px|4px|4px|true|true&#8221; custom_padding=&#8221;6px|6px|6px|6px|true|true&#8221; follow_button=&#8221;off&#8221; url_new_window=&#8221;on&#8221;]twitter[\/et_pb_social_media_follow_network][et_pb_social_media_follow_network social_network=&#8221;youtube&#8221; _builder_version=&#8221;3.18.7&#8243; background_color=&#8221;#b2b9c4&#8243; custom_margin=&#8221;4px|4px|4px|4px|true|true&#8221; custom_padding=&#8221;6px|6px|6px|6px|true|true&#8221; follow_button=&#8221;off&#8221; url_new_window=&#8221;on&#8221;]youtube[\/et_pb_social_media_follow_network][\/et_pb_social_media_follow][\/et_pb_column][\/et_pb_row][\/et_pb_section][et_pb_section bb_built=&#8221;1&#8243; admin_label=&#8221;barra baixo pt&#8221; _builder_version=&#8221;3.18.7&#8243; background_image=&#8221;https:\/\/carmosresidence.com\/wp-content\/uploads\/2019\/01\/estudafoot1.jpg&#8221; custom_padding=&#8221;0|0px|0|0px|false|false&#8221; prev_background_color=&#8221;#ffffff&#8221; collapsed=&#8221;off&#8221; global_module=&#8221;1443&#8243;][et_pb_row global_parent=&#8221;1443&#8243; _builder_version=&#8221;3.0.48&#8243; background_size=&#8221;initial&#8221; background_position=&#8221;top_left&#8221; background_repeat=&#8221;repeat&#8221;][et_pb_column type=&#8221;1_4&#8243;][et_pb_image global_parent=&#8221;1443&#8243; src=&#8221;https:\/\/carmosresidence.com\/wp-content\/uploads\/2019\/01\/logofoot2.png&#8221; _builder_version=&#8221;3.18.7&#8243;]<\/p>\n<p>[\/et_pb_image][\/et_pb_column][et_pb_column type=&#8221;1_4&#8243;][et_pb_text global_parent=&#8221;1443&#8243; text_line_height=&#8221;1.4em&#8221; _builder_version=&#8221;3.18.7&#8243; text_font=&#8221;Raleway||||||||&#8221; text_text_color=&#8221;#ffffff&#8221; custom_margin=&#8221;16px||&#8221;]<\/p>\n<p><strong>Adress:<\/strong><br \/>Rua \u00c1lvaro Castel\u00f5es, 49-1\u00bae2\u00ba<br \/>2900-215 Set\u00fabal<br \/><strong>Phone:<\/strong>\u00a0(+351) 962 634 118<br \/><strong>E-mail: <span style=\"color: #e09900;\"><a style=\"color: #e09900;\" href=\"mailto:ipeixoto@ohmyguest.pt\">ipeixoto@ohmyguest.pt<\/a><\/span><\/strong><\/p>\n<p>[\/et_pb_text][\/et_pb_column][et_pb_column type=&#8221;1_4&#8243;][\/et_pb_column][et_pb_column type=&#8221;1_4&#8243;][\/et_pb_column][\/et_pb_row][\/et_pb_section]<\/p>\n","protected":false},"excerpt":{"rendered":"<p>The House History of the Building \u00c1lvaro de Castro Ara\u00fajo Cardoso Pereira Ferraz, 3rd Viscount of Castel\u00f5es (1859-1953). An Engineering Graduate, \u00c1lvaro became one of the greatest Portuguese railway construction specialists. He published four books of poems. History of the Building Located on Rua \u00c1lvaro Castel\u00f5es n\u00ba 49, in the immediate vicinity of the old [&hellip;]<\/p>\n","protected":false},"author":1,"featured_media":402,"parent":551,"menu_order":0,"comment_status":"closed","ping_status":"closed","template":"","meta":{"_et_pb_use_builder":"on","_et_pb_old_content":"","_et_gb_content_width":""},"_links":{"self":[{"href":"https:\/\/carmosresidence.com\/en\/wp-json\/wp\/v2\/pages\/556"}],"collection":[{"href":"https:\/\/carmosresidence.com\/en\/wp-json\/wp\/v2\/pages"}],"about":[{"href":"https:\/\/carmosresidence.com\/en\/wp-json\/wp\/v2\/types\/page"}],"author":[{"embeddable":true,"href":"https:\/\/carmosresidence.com\/en\/wp-json\/wp\/v2\/users\/1"}],"replies":[{"embeddable":true,"href":"https:\/\/carmosresidence.com\/en\/wp-json\/wp\/v2\/comments?post=556"}],"version-history":[{"count":12,"href":"https:\/\/carmosresidence.com\/en\/wp-json\/wp\/v2\/pages\/556\/revisions"}],"predecessor-version":[{"id":1732,"href":"https:\/\/carmosresidence.com\/en\/wp-json\/wp\/v2\/pages\/556\/revisions\/1732"}],"up":[{"embeddable":true,"href":"https:\/\/carmosresidence.com\/en\/wp-json\/wp\/v2\/pages\/551"}],"wp:featuredmedia":[{"embeddable":true,"href":"https:\/\/carmosresidence.com\/en\/wp-json\/wp\/v2\/media\/402"}],"wp:attachment":[{"href":"https:\/\/carmosresidence.com\/en\/wp-json\/wp\/v2\/media?parent=556"}],"curies":[{"name":"wp","href":"https:\/\/api.w.org\/{rel}","templated":true}]}}