{"id":1052,"date":"2018-12-28T17:51:52","date_gmt":"2018-12-28T17:51:52","guid":{"rendered":"https:\/\/carmosresidence.com\/agenda-cultural\/"},"modified":"2019-01-28T11:09:14","modified_gmt":"2019-01-28T11:09:14","slug":"cultural-programme","status":"publish","type":"page","link":"https:\/\/carmosresidence.com\/en\/cultural-programme\/","title":{"rendered":"Cultural Programme"},"content":{"rendered":"<p>[et_pb_section fb_built=&#8221;1&#8243; admin_label=&#8221;Reservations&#8221; _builder_version=&#8221;3.18.7&#8243; use_background_color_gradient=&#8221;on&#8221; background_color_gradient_start=&#8221;#2f3a44&#8243; background_color_gradient_end=&#8221;rgba(38,46,53,0)&#8221; background_color_gradient_direction=&#8221;150deg&#8221; background_color_gradient_start_position=&#8221;25%&#8221; background_color_gradient_overlays_image=&#8221;on&#8221; background_image=&#8221;https:\/\/carmosresidence.com\/wp-content\/uploads\/2019\/01\/HagendaCultural.jpg&#8221; custom_padding=&#8221;3vw|0px|3vw|0px|true|false&#8221;][et_pb_row use_custom_gutter=&#8221;on&#8221; make_equal=&#8221;on&#8221; padding_2_tablet=&#8221;0px||0px||true&#8221; _builder_version=&#8221;3.12.2&#8243;][et_pb_column type=&#8221;1_2&#8243; _builder_version=&#8221;3.0.47&#8243; parallax=&#8221;off&#8221; parallax_method=&#8221;on&#8221;][et_pb_text _builder_version=&#8221;3.18.7&#8243; text_font=&#8221;||||||||&#8221; text_font_size=&#8221;16px&#8221; text_line_height=&#8221;2em&#8221; header_font=&#8221;||||||||&#8221; header_2_font=&#8221;Raleway|700|||||||&#8221; header_2_font_size=&#8221;50px&#8221; header_2_font_size_tablet=&#8221;35px&#8221; header_2_font_size_phone=&#8221;25px&#8221; header_2_font_size_last_edited=&#8221;on|phone&#8221; header_2_line_height=&#8221;1.2em&#8221; header_6_font=&#8221;Raleway|700||on|||||&#8221; header_6_font_size=&#8221;16px&#8221; header_6_letter_spacing=&#8221;5px&#8221; header_6_line_height=&#8221;1.8em&#8221; background_layout=&#8221;dark&#8221; max_width_last_edited=&#8221;on|desktop&#8221; locked=&#8221;off&#8221;]<\/p>\n<h6>carmo&#8217;s residence<\/h6>\n<h2>Cultural Programme<\/h2>\n<h3>Set\u00fabal \/ Palmela \/ Azeit\u00e3o \/ Sesimbra<\/h3>\n<p>Shows | Exhibits | Cinema | Theatre | Food Festivals | Sightseeing Tours<\/p>\n<p>[\/et_pb_text][\/et_pb_column][et_pb_column type=&#8221;1_2&#8243; _builder_version=&#8221;3.0.47&#8243; padding_tablet=&#8221;0px||0px||true&#8221; parallax=&#8221;off&#8221; parallax_method=&#8221;on&#8221;][\/et_pb_column][\/et_pb_row][\/et_pb_section][et_pb_section fb_built=&#8221;1&#8243; admin_label=&#8221;History&#8221; _builder_version=&#8221;3.13&#8243; custom_padding=&#8221;0|0px|54px|0px|false|false&#8221;][et_pb_row _builder_version=&#8221;3.0.48&#8243; background_size=&#8221;initial&#8221; background_position=&#8221;top_left&#8221; background_repeat=&#8221;repeat&#8221;][et_pb_column type=&#8221;2_3&#8243; _builder_version=&#8221;3.0.47&#8243; parallax=&#8221;off&#8221; parallax_method=&#8221;on&#8221;][et_pb_image src=&#8221;https:\/\/carmosresidence.com\/wp-content\/uploads\/2018\/12\/logocarmoh2.png&#8221; align=&#8221;center&#8221; _builder_version=&#8221;3.18.7&#8243; max_width=&#8221;42%&#8221; custom_margin=&#8221;40px||40px&#8221;]<br \/>\n[\/et_pb_image][et_pb_text _builder_version=&#8221;3.18.7&#8243; text_font=&#8221;||||||||&#8221; text_font_size=&#8221;16px&#8221; text_line_height=&#8221;2em&#8221; header_font=&#8221;||||||||&#8221; header_2_font=&#8221;Raleway|700|||||||&#8221; header_2_font_size=&#8221;50px&#8221; header_2_font_size_tablet=&#8221;35px&#8221; header_2_font_size_phone=&#8221;25px&#8221; header_2_font_size_last_edited=&#8221;on|phone&#8221; header_2_line_height=&#8221;1.2em&#8221; header_6_font=&#8221;Raleway|700||on|||||&#8221; header_6_font_size=&#8221;16px&#8221; header_6_letter_spacing=&#8221;5px&#8221; header_6_line_height=&#8221;1.8em&#8221; text_orientation=&#8221;center&#8221; max_width=&#8221;700px&#8221; module_alignment=&#8221;center&#8221; custom_margin=&#8221;||16px&#8221;]<\/p>\n<h2>Cultural Programme<\/h2>\n<p>[\/et_pb_text][et_pb_text _builder_version=&#8221;3.18.7&#8243; text_font=&#8221;||||||||&#8221; text_font_size=&#8221;15px&#8221; text_font_size_phone=&#8221;14px&#8221; text_font_size_last_edited=&#8221;on|phone&#8221; text_line_height=&#8221;1.5em&#8221; ul_font=&#8221;||||||||&#8221; ul_line_height=&#8221;2em&#8221; header_font=&#8221;||||||||&#8221; header_3_font=&#8221;Raleway|700|||||||&#8221; header_3_font_size=&#8221;40px&#8221; header_3_font_size_tablet=&#8221;35px&#8221; header_3_font_size_phone=&#8221;25px&#8221; header_3_font_size_last_edited=&#8221;on|phone&#8221; header_3_line_height=&#8221;1.4em&#8221; header_5_font=&#8221;||||||||&#8221; header_5_text_color=&#8221;#939599&#8243; header_5_font_size=&#8221;12px&#8221; header_5_line_height=&#8221;1.2em&#8221; custom_margin=&#8221;||&#8221; custom_padding=&#8221;||&#8221; inline_fonts=&#8221;Times New Roman&#8221;]<\/p>\n<p style=\"text-align: justify;\">Coming soon.<\/p>\n<ul><\/ul>\n<p>[\/et_pb_text][\/et_pb_column][et_pb_column type=&#8221;1_3&#8243; _builder_version=&#8221;3.0.47&#8243; parallax=&#8221;off&#8221; parallax_method=&#8221;on&#8221;][et_pb_audio audio=&#8221;https:\/\/cld.pt\/dl\/download\/661d6490-57e1-49b6-83e4-b44b6266de9f\/064SON_1.mp3&#8243; title=&#8221;4\u00aa Sonata &#8211; Tempo Di Minuetto&#8221; artist_name=&#8221;Ensemble Avondano&#8221; _builder_version=&#8221;3.18.7&#8243; background_color=&#8221;#b8babf&#8221;][\/et_pb_audio][et_pb_text _builder_version=&#8221;3.18.7&#8243; text_font=&#8221;Times New Roman||||||||&#8221; text_font_size=&#8221;15px&#8221; text_line_height=&#8221;1.5em&#8221; ul_line_height=&#8221;2em&#8221; header_5_font=&#8221;Raleway|700|||||||&#8221; header_5_font_size=&#8221;20px&#8221; header_5_font_size_tablet=&#8221;35px&#8221; header_5_font_size_phone=&#8221;25px&#8221; header_5_font_size_last_edited=&#8221;on|phone&#8221; header_5_line_height=&#8221;1.4em&#8221; border_width_all=&#8221;2px&#8221; border_color_all=&#8221;#f0dfb2&#8243; custom_padding=&#8221;20px|20px|20px|20px|true|true&#8221;]<\/p>\n<p><span style=\"font-family: Raleway; font-weight: normal; color: #dcb86a;\"><strong><img loading=\"lazy\" src=\"https:\/\/carmosresidence.com\/wp-content\/uploads\/2018\/12\/jan1-255x300.png\" width=\"255\" height=\"300\" alt=\"Carmo's Residence - Art Apartments\" class=\"wp-image-723 aligncenter size-medium\" srcset=\"https:\/\/carmosresidence.com\/wp-content\/uploads\/2018\/12\/jan1-255x300.png 255w, https:\/\/carmosresidence.com\/wp-content\/uploads\/2018\/12\/jan1.png 334w\" sizes=\"(max-width: 255px) 100vw, 255px\" \/><\/strong><\/span><\/p>\n<p><span style=\"font-family: Raleway; font-weight: normal; color: #dcb86a;\"><strong>\u00c1lvaro de Castro Ara\u00fajo Cardoso Pereira Ferraz<\/strong><\/span>, 3\u00ba Visconde de Castel\u00f5es (1859- 1953). Formado em Engenharia, tornou-se um dos maiores especialistas portugueses na constru\u00e7\u00e3o de caminhos de ferro. Publicou quatro livros de poemas.<\/p>\n<p>[\/et_pb_text][\/et_pb_column][\/et_pb_row][et_pb_row use_custom_gutter=&#8221;on&#8221; gutter_width=&#8221;2&#8243; custom_padding=&#8221;52px|0px|27px|0px|false|false&#8221; _builder_version=&#8221;3.13&#8243;][et_pb_column type=&#8221;1_5&#8243; _builder_version=&#8221;3.0.47&#8243; parallax=&#8221;off&#8221; parallax_method=&#8221;on&#8221;][et_pb_image src=&#8221;https:\/\/carmosresidence.com\/wp-content\/uploads\/2019\/01\/tIMG_1229.jpg&#8221; show_in_lightbox=&#8221;on&#8221; use_overlay=&#8221;on&#8221; overlay_icon_color=&#8221;#b2b9c4&#8243; _builder_version=&#8221;3.18.7&#8243; locked=&#8221;off&#8221;]<br \/>\n[\/et_pb_image][\/et_pb_column][et_pb_column type=&#8221;1_5&#8243; _builder_version=&#8221;3.0.47&#8243; parallax=&#8221;off&#8221; parallax_method=&#8221;on&#8221;][et_pb_image src=&#8221;https:\/\/carmosresidence.com\/wp-content\/uploads\/2019\/01\/tIMG_2989.jpg&#8221; show_in_lightbox=&#8221;on&#8221; use_overlay=&#8221;on&#8221; overlay_icon_color=&#8221;#b2b9c4&#8243; _builder_version=&#8221;3.18.7&#8243; locked=&#8221;off&#8221;]<br \/>\n[\/et_pb_image][\/et_pb_column][et_pb_column type=&#8221;1_5&#8243; _builder_version=&#8221;3.0.47&#8243; parallax=&#8221;off&#8221; parallax_method=&#8221;on&#8221;][et_pb_image src=&#8221;https:\/\/carmosresidence.com\/wp-content\/uploads\/2019\/01\/tIMG_3033.jpg&#8221; show_in_lightbox=&#8221;on&#8221; use_overlay=&#8221;on&#8221; overlay_icon_color=&#8221;#b2b9c4&#8243; _builder_version=&#8221;3.18.7&#8243; locked=&#8221;off&#8221;]<br \/>\n[\/et_pb_image][\/et_pb_column][et_pb_column type=&#8221;1_5&#8243; _builder_version=&#8221;3.0.47&#8243; parallax=&#8221;off&#8221; parallax_method=&#8221;on&#8221;][et_pb_image src=&#8221;https:\/\/carmosresidence.com\/wp-content\/uploads\/2019\/01\/tIMG_2925.jpg&#8221; show_in_lightbox=&#8221;on&#8221; use_overlay=&#8221;on&#8221; overlay_icon_color=&#8221;#b2b9c4&#8243; _builder_version=&#8221;3.18.7&#8243; locked=&#8221;off&#8221;]<br \/>\n[\/et_pb_image][\/et_pb_column][et_pb_column type=&#8221;1_5&#8243; _builder_version=&#8221;3.0.47&#8243; parallax=&#8221;off&#8221; parallax_method=&#8221;on&#8221;][et_pb_image src=&#8221;https:\/\/carmosresidence.com\/wp-content\/uploads\/2019\/01\/tIMG_2327.jpg&#8221; show_in_lightbox=&#8221;on&#8221; use_overlay=&#8221;on&#8221; overlay_icon_color=&#8221;#b2b9c4&#8243; _builder_version=&#8221;3.18.7&#8243; locked=&#8221;off&#8221;]<br \/>\n[\/et_pb_image][\/et_pb_column][\/et_pb_row][\/et_pb_section][et_pb_section fb_built=&#8221;1&#8243; _builder_version=&#8221;3.18.7&#8243; custom_padding=&#8221;23px|0px|16px|0px|false|false&#8221; global_module=&#8221;1708&#8243;][et_pb_row custom_padding=&#8221;0|0px|27px|0px|false|false&#8221; _builder_version=&#8221;3.0.48&#8243; background_size=&#8221;initial&#8221; background_position=&#8221;top_left&#8221; background_repeat=&#8221;repeat&#8221;][et_pb_column type=&#8221;4_4&#8243; _builder_version=&#8221;3.0.47&#8243; parallax=&#8221;off&#8221; parallax_method=&#8221;on&#8221;][et_pb_text _builder_version=&#8221;3.18.7&#8243; text_font=&#8221;Raleway|300|||||||&#8221; text_font_size=&#8221;12px&#8221; text_letter_spacing=&#8221;2px&#8221; custom_margin=&#8221;||6px&#8221; custom_padding=&#8221;||6px&#8221;]<\/p>\n<p style=\"text-align: center;\">Coming soon<\/p>\n<p>[\/et_pb_text][et_pb_social_media_follow _builder_version=&#8221;3.18.7&#8243; border_radii=&#8221;on|100px|100px|100px|100px&#8221; text_orientation=&#8221;center&#8221;][et_pb_social_media_follow_network social_network=&#8221;facebook&#8221; _builder_version=&#8221;3.12.2&#8243; background_color=&#8221;#b2b9c4&#8243; custom_margin=&#8221;4px|4px|4px|4px|true|true&#8221; custom_padding=&#8221;6px|6px|6px|6px|true|true&#8221; follow_button=&#8221;off&#8221; url_new_window=&#8221;on&#8221;]facebook[\/et_pb_social_media_follow_network][et_pb_social_media_follow_network social_network=&#8221;instagram&#8221; _builder_version=&#8221;3.18.7&#8243; background_color=&#8221;#b2b9c4&#8243; custom_margin=&#8221;4px|4px|4px|4px|true|true&#8221; custom_padding=&#8221;6px|6px|6px|6px|true|true&#8221; follow_button=&#8221;off&#8221; url_new_window=&#8221;on&#8221;]instagram[\/et_pb_social_media_follow_network][et_pb_social_media_follow_network social_network=&#8221;twitter&#8221; _builder_version=&#8221;3.18.7&#8243; background_color=&#8221;#b2b9c4&#8243; custom_margin=&#8221;4px|4px|4px|4px|true|true&#8221; custom_padding=&#8221;6px|6px|6px|6px|true|true&#8221; follow_button=&#8221;off&#8221; url_new_window=&#8221;on&#8221;]twitter[\/et_pb_social_media_follow_network][et_pb_social_media_follow_network social_network=&#8221;youtube&#8221; _builder_version=&#8221;3.18.7&#8243; background_color=&#8221;#b2b9c4&#8243; custom_margin=&#8221;4px|4px|4px|4px|true|true&#8221; custom_padding=&#8221;6px|6px|6px|6px|true|true&#8221; follow_button=&#8221;off&#8221; url_new_window=&#8221;on&#8221;]youtube[\/et_pb_social_media_follow_network][\/et_pb_social_media_follow][\/et_pb_column][\/et_pb_row][\/et_pb_section][et_pb_section fb_built=&#8221;1&#8243; admin_label=&#8221;barra baixo pt&#8221; _builder_version=&#8221;3.18.7&#8243; background_image=&#8221;https:\/\/carmosresidence.com\/wp-content\/uploads\/2019\/01\/estudafoot1.jpg&#8221; custom_padding=&#8221;0|0px|0|0px|false|false&#8221; global_module=&#8221;1443&#8243; collapsed=&#8221;off&#8221;][et_pb_row _builder_version=&#8221;3.0.48&#8243; background_size=&#8221;initial&#8221; background_position=&#8221;top_left&#8221; background_repeat=&#8221;repeat&#8221;][et_pb_column type=&#8221;1_4&#8243; _builder_version=&#8221;3.0.47&#8243; parallax=&#8221;off&#8221; parallax_method=&#8221;on&#8221;][et_pb_image src=&#8221;https:\/\/carmosresidence.com\/wp-content\/uploads\/2019\/01\/logofoot2.png&#8221; _builder_version=&#8221;3.18.7&#8243;][\/et_pb_image][\/et_pb_column][et_pb_column type=&#8221;1_4&#8243; _builder_version=&#8221;3.0.47&#8243; parallax=&#8221;off&#8221; parallax_method=&#8221;on&#8221;][et_pb_text _builder_version=&#8221;3.18.7&#8243; text_font=&#8221;Raleway||||||||&#8221; text_text_color=&#8221;#ffffff&#8221; text_line_height=&#8221;1.4em&#8221; custom_margin=&#8221;16px||&#8221;]<\/p>\n<p><strong>Adress:<\/strong><br \/>Rua \u00c1lvaro Castel\u00f5es, 49 &#8211; 1\u00ba e 2\u00ba<br \/>2900-215 Set\u00fabal<br \/><strong>Phone:<\/strong>\u00a0(+351) 962 634 118<br \/><strong>E-mail: <span style=\"color: #e09900;\"><a style=\"color: #e09900;\" href=\"mailto:ipeixoto@ohmyguest.pt\">ipeixoto@ohmyguest.pt<\/a><\/span><\/strong><\/p>\n<p>[\/et_pb_text][\/et_pb_column][et_pb_column type=&#8221;1_4&#8243; _builder_version=&#8221;3.0.47&#8243; parallax=&#8221;off&#8221; parallax_method=&#8221;on&#8221;][et_pb_text admin_label=&#8221;Language Switcher&#8221; _builder_version=&#8221;3.18.7&#8243;]<\/p>\n<div id=\"iv-widget-languages\"><\/div>\n<script>\njQuery(function($){\n    $(document).ready(function(){\n        console.log('ready');\n        $('.iv-languages ul').clone().appendTo('#iv-widget-languages');\n    });\n});\n<\/script>\n<p>[\/et_pb_text][et_pb_text _builder_version=&#8221;3.18.7&#8243;]<\/p>\n<p><a href=\"https:\/\/cld.pt\/dl\/download\/01ed3879-f6ed-452a-a296-deccb8f42fc9\/Livro_de_Acolhimento.pdf\" target=\"_blank\" rel=\"noopener\"><strong><span style=\"color: #e09900;\">Home Rules<\/span><\/strong><\/a><\/p>\n<p>[\/et_pb_text][\/et_pb_column][et_pb_column type=&#8221;1_4&#8243; _builder_version=&#8221;3.0.47&#8243; parallax=&#8221;off&#8221; parallax_method=&#8221;on&#8221;][et_pb_text _builder_version=&#8221;3.18.7&#8243;]<\/p>\n<p><strong><span style=\"color: #e09900;\">Google Translate<\/span><\/strong><br \/>\n<div id=\"google_translate_element\"><\/div><script type=\"text\/javascript\">\nfunction googleTranslateElementInit() {\n  new google.translate.TranslateElement({pageLanguage: 'en', layout: google.translate.TranslateElement.InlineLayout.SIMPLE}, 'google_translate_element');\n}\n<\/script><script type=\"text\/javascript\" src=\"\/\/translate.google.com\/translate_a\/element.js?cb=googleTranslateElementInit\"><\/script><\/p>\n<p><strong><span style=\"color: #e09900;\"><a style=\"color: #e09900;\" href=\"https:\/\/carmosresidence.com\/en\/privacy-policy\/\">Privacy Policy<\/a><\/span><\/strong><\/p>\n<p>[\/et_pb_text][\/et_pb_column][\/et_pb_row][\/et_pb_section]<\/p>\n","protected":false},"excerpt":{"rendered":"<p>carmo&#8217;s residence Cultural Programme Set\u00fabal \/ Palmela \/ Azeit\u00e3o \/ Sesimbra Shows | Exhibits | Cinema | Theatre | Food Festivals | Sightseeing Tours Cultural Programme Coming soon. \u00c1lvaro de Castro Ara\u00fajo Cardoso Pereira Ferraz, 3\u00ba Visconde de Castel\u00f5es (1859- 1953). Formado em Engenharia, tornou-se um dos maiores especialistas portugueses na constru\u00e7\u00e3o de caminhos de [&hellip;]<\/p>\n","protected":false},"author":1,"featured_media":402,"parent":0,"menu_order":0,"comment_status":"closed","ping_status":"closed","template":"","meta":{"_et_pb_use_builder":"on","_et_pb_old_content":"","_et_gb_content_width":""},"_links":{"self":[{"href":"https:\/\/carmosresidence.com\/en\/wp-json\/wp\/v2\/pages\/1052"}],"collection":[{"href":"https:\/\/carmosresidence.com\/en\/wp-json\/wp\/v2\/pages"}],"about":[{"href":"https:\/\/carmosresidence.com\/en\/wp-json\/wp\/v2\/types\/page"}],"author":[{"embeddable":true,"href":"https:\/\/carmosresidence.com\/en\/wp-json\/wp\/v2\/users\/1"}],"replies":[{"embeddable":true,"href":"https:\/\/carmosresidence.com\/en\/wp-json\/wp\/v2\/comments?post=1052"}],"version-history":[{"count":9,"href":"https:\/\/carmosresidence.com\/en\/wp-json\/wp\/v2\/pages\/1052\/revisions"}],"predecessor-version":[{"id":3554,"href":"https:\/\/carmosresidence.com\/en\/wp-json\/wp\/v2\/pages\/1052\/revisions\/3554"}],"wp:featuredmedia":[{"embeddable":true,"href":"https:\/\/carmosresidence.com\/en\/wp-json\/wp\/v2\/media\/402"}],"wp:attachment":[{"href":"https:\/\/carmosresidence.com\/en\/wp-json\/wp\/v2\/media?parent=1052"}],"curies":[{"name":"wp","href":"https:\/\/api.w.org\/{rel}","templated":true}]}}